{"id":805,"date":"2024-10-09T12:14:41","date_gmt":"2024-10-09T10:14:41","guid":{"rendered":"https:\/\/svetpuncov.sk\/?post_type=product&#038;p=805"},"modified":"2025-12-07T10:11:35","modified_gmt":"2025-12-07T09:11:35","slug":"konopny-punc-10l","status":"publish","type":"product","link":"https:\/\/svetpuncov.sk\/cs\/produkt\/konopny-punc-10l\/","title":{"rendered":"Konopn\u00fd pun\u010d 10l"},"content":{"rendered":"<p>Produkty z konope na n\u00e1s v s\u00fa\u010dasnosti vyskakuj\u00fa u\u017e takmer z ka\u017ed\u00e9ho rohu. Niet sa \u010domu \u010dudova\u0165, ke\u010f\u017ee sa o CBD u\u017e dlhodobo hovor\u00ed ako o zlo\u017eke, ktor\u00e1 m\u00e1 na zdravie \u013eud\u00ed podporn\u00fd \u00fa\u010dinok. Nechali sme sa teda in\u0161pirova\u0165 a do na\u0161ej ponuky pridali konopn\u00fd pun\u010d, ktor\u00fd v\u00e1s upokoj\u00ed a zahreje z\u00e1rove\u0148. Z\u00e1klad konopn\u00e9ho pun\u010du tvoria <strong>siln\u00e9\u00a0bylinn\u00e9 v\u00fd\u0165a\u017eky,<\/strong>\u00a0zrieden\u00e9 s\u00a0<strong>pr\u00edchu\u0165ou konope a koren\u00edm.<\/strong>\u00a0So 14%-n\u00fdm obsahom alkoholu patr\u00ed k jedn\u00e9mu z najsilnej\u0161\u00edch druhov na\u0161ich pun\u010dov. Spr\u00edjemnite si chladn\u00fd advent a vychutnajte si predviano\u010dn\u00e9 obdobie s nov\u00fdm, na zeleno sfarben\u00fdm konopn\u00fdm pun\u010dom.<\/p>\n<p data-fontsize=\"30\" data-lineheight=\"39px\"><strong>Odpor\u00fa\u010dan\u00e9 pod\u00e1vanie:<\/strong><\/p>\n<p>Zahrejte na 60\u00b0C a ihne\u010f pod\u00e1vajte. Upozornenie: Pun\u010d sa nesmie vari\u0165, inak chu\u0165ovo strat\u00ed na kvalite.<\/p>\n<p data-fontsize=\"30\" data-lineheight=\"39px\"><strong>\u0160pecifick\u00e9 vlastnosti:<\/strong><\/p>\n<p>Pripraven\u00fd na pitie (\u017eiadny koncentr\u00e1t), bez umel\u00fdch pr\u00edchut\u00ed a farb\u00edv konzervovan\u00fd iba zahrievan\u00edm. Bez THC.<\/p>\n<p data-fontsize=\"30\" data-lineheight=\"39px\"><strong>Alerg\u00e9ny:<\/strong><\/p>\n<p>Obsahuje siri\u010ditany, E101, E133.<\/p>\n<p data-fontsize=\"30\" data-lineheight=\"39px\"><strong>Skladovanie:<\/strong><\/p>\n<p>Po otvoren\u00ed je trvanlivos\u0165 pri skladovan\u00ed v p\u00f4vodnom obale a v chlade cca 8 dn\u00ed.<\/p>\n<p data-fontsize=\"30\" data-lineheight=\"39px\"><strong>Trvanlivos\u0165:<\/strong><\/p>\n<p>V\u0161etky na\u0161e zimn\u00e9 hor\u00face n\u00e1poje maj\u00fa v neotvorenom p\u00f4vodnom obale dlh\u00fa trvanlivos\u0165 a bez probl\u00e9mov ich je mo\u017en\u00e9 uskladni\u0165 v pivnici alebo gar\u00e1\u017ei bez nutnosti zmrazenia.<\/p>\n","protected":false},"excerpt":{"rendered":"<p><span style=\"font-weight: 400\">Pun\u010d, ktor\u00fd v\u00e1s zahreje a upokoj\u00ed. Tvoria ho siln\u00e9 bylinn\u00e9 v\u00fd\u0165a\u017eky zrieden\u00e9 s pr\u00edchu\u0165ou konope a koren\u00edm.<\/span><\/p>\n","protected":false},"featured_media":612,"template":"","meta":{"_acf_changed":false},"product_brand":[],"product_cat":[22],"product_tag":[135],"class_list":{"0":"post-805","1":"product","2":"type-product","3":"status-publish","4":"has-post-thumbnail","6":"product_cat-vianocny-punc","7":"product_tag-10litrovbf2","9":"first","10":"instock","11":"taxable","12":"shipping-taxable","13":"purchasable","14":"product-type-simple"},"acf":[],"jetpack_sharing_enabled":true,"_links":{"self":[{"href":"https:\/\/svetpuncov.sk\/cs\/wp-json\/wp\/v2\/product\/805","targetHints":{"allow":["GET"]}}],"collection":[{"href":"https:\/\/svetpuncov.sk\/cs\/wp-json\/wp\/v2\/product"}],"about":[{"href":"https:\/\/svetpuncov.sk\/cs\/wp-json\/wp\/v2\/types\/product"}],"wp:featuredmedia":[{"embeddable":true,"href":"https:\/\/svetpuncov.sk\/cs\/wp-json\/wp\/v2\/media\/612"}],"wp:attachment":[{"href":"https:\/\/svetpuncov.sk\/cs\/wp-json\/wp\/v2\/media?parent=805"}],"wp:term":[{"taxonomy":"product_brand","embeddable":true,"href":"https:\/\/svetpuncov.sk\/cs\/wp-json\/wp\/v2\/product_brand?post=805"},{"taxonomy":"product_cat","embeddable":true,"href":"https:\/\/svetpuncov.sk\/cs\/wp-json\/wp\/v2\/product_cat?post=805"},{"taxonomy":"product_tag","embeddable":true,"href":"https:\/\/svetpuncov.sk\/cs\/wp-json\/wp\/v2\/product_tag?post=805"}],"curies":[{"name":"wp","href":"https:\/\/api.w.org\/{rel}","templated":true}]}}