{"id":804,"date":"2024-10-09T12:12:15","date_gmt":"2024-10-09T10:12:15","guid":{"rendered":"https:\/\/svetpuncov.sk\/?post_type=product&#038;p=804"},"modified":"2025-12-16T15:14:27","modified_gmt":"2025-12-16T14:14:27","slug":"marakujovo-vanilkovy-punc-10l","status":"publish","type":"product","link":"https:\/\/svetpuncov.sk\/cs\/produkt\/marakujovo-vanilkovy-punc-10l\/","title":{"rendered":"Marakujovo\u2010vanilkov\u00fd pun\u010d 10l"},"content":{"rendered":"<p>Objavujete radi nov\u00e9 a nev\u0161edn\u00e9 chute? V\u0161etky overen\u00e9 klasick\u00e9 pr\u00edchute m\u00e1te vysk\u00fa\u0161an\u00e9 a radi by ste ochutnali nie\u010do netradi\u010dn\u00e9? \u010co tak ochutna\u0165 n\u00e1\u0161 Marakujovo \u2013 vanilkov\u00fd pun\u010d, ktor\u00fd v sebe kombinuje <strong>vo\u0148av\u00e9 ovocn\u00e9 v\u00edno<\/strong>, v spojen\u00ed s osvie\u017euj\u00facou kyslos\u0165ou a typicku chu\u0165ou\u00a0<strong>marakuje<\/strong>, v kombin\u00e1cii so sladkou a korenistou ar\u00f3mou <strong>vanilky<\/strong>? V\u0161etky spom\u00ednan\u00e9 ingrediencie robia z tohto jedine\u010dn\u00e9ho pun\u010du exkluz\u00edvny a exotick\u00fd chu\u0165ov\u00fd z\u00e1\u017eitok. N\u00e1dych limetky a pridanie badi\u00e1nu dod\u00e1vaj\u00fa vyv\u00e1\u017een\u00fa chu\u0165, ktor\u00e1 neuraz\u00ed ani vo viano\u010dnom obdob\u00ed.<\/p>\n<p data-fontsize=\"30\" data-lineheight=\"39px\"><strong>Odpor\u00fa\u010dan\u00e9 pod\u00e1vanie:<\/strong><\/p>\n<p>Zahrejte na 60\u00b0C a ihne\u010f pod\u00e1vajte. Upozornenie: Pun\u010d sa nesmie vari\u0165, inak chu\u0165ovo strat\u00ed na kvalite.<\/p>\n<p data-fontsize=\"30\" data-lineheight=\"39px\"><strong>\u0160pecifick\u00e9 vlastnosti:<\/strong><\/p>\n<p>Pripraven\u00fd na pitie (\u017eiadny koncentr\u00e1t), bez umel\u00fdch pr\u00edchut\u00ed a farb\u00edv konzervovan\u00fd iba zahrievan\u00edm.<\/p>\n<p data-fontsize=\"30\" data-lineheight=\"39px\"><strong>Alerg\u00e9ny:<\/strong><\/p>\n<p>Obsahuje siri\u010ditany.<\/p>\n<p data-fontsize=\"30\" data-lineheight=\"39px\"><strong>Skladovanie:<\/strong><\/p>\n<p>Po otvoren\u00ed je trvanlivos\u0165 pri skladovan\u00ed v p\u00f4vodnom obale a v chlade cca 8 dn\u00ed.<\/p>\n<p data-fontsize=\"30\" data-lineheight=\"39px\"><strong>Trvanlivos\u0165:<\/strong><\/p>\n<p>V\u0161etky na\u0161e zimn\u00e9 hor\u00face n\u00e1poje maj\u00fa v neotvorenom p\u00f4vodnom obale dlh\u00fa trvanlivos\u0165 a bez probl\u00e9mov ich je mo\u017en\u00e9 uskladni\u0165 v pivnici alebo gar\u00e1\u017ei bez nutnosti zmrazenia.<\/p>\n","protected":false},"excerpt":{"rendered":"<p>Pun\u010d sp\u00e1ja ovocn\u00e9 v\u00edno, svie\u017eu chu\u0165 marakuje a ar\u00f3mu vanilky. Perfektn\u00fd pre objavovanie nov\u00fdch chut\u00ed.<\/p>\n","protected":false},"featured_media":613,"template":"","meta":{"_acf_changed":false},"product_brand":[],"product_cat":[22],"product_tag":[134],"class_list":{"0":"post-804","1":"product","2":"type-product","3":"status-publish","4":"has-post-thumbnail","6":"product_cat-vianocny-punc","7":"product_tag-10litrovbf","9":"first","10":"outofstock","11":"taxable","12":"shipping-taxable","13":"purchasable","14":"product-type-simple"},"acf":[],"jetpack_sharing_enabled":true,"_links":{"self":[{"href":"https:\/\/svetpuncov.sk\/cs\/wp-json\/wp\/v2\/product\/804","targetHints":{"allow":["GET"]}}],"collection":[{"href":"https:\/\/svetpuncov.sk\/cs\/wp-json\/wp\/v2\/product"}],"about":[{"href":"https:\/\/svetpuncov.sk\/cs\/wp-json\/wp\/v2\/types\/product"}],"wp:featuredmedia":[{"embeddable":true,"href":"https:\/\/svetpuncov.sk\/cs\/wp-json\/wp\/v2\/media\/613"}],"wp:attachment":[{"href":"https:\/\/svetpuncov.sk\/cs\/wp-json\/wp\/v2\/media?parent=804"}],"wp:term":[{"taxonomy":"product_brand","embeddable":true,"href":"https:\/\/svetpuncov.sk\/cs\/wp-json\/wp\/v2\/product_brand?post=804"},{"taxonomy":"product_cat","embeddable":true,"href":"https:\/\/svetpuncov.sk\/cs\/wp-json\/wp\/v2\/product_cat?post=804"},{"taxonomy":"product_tag","embeddable":true,"href":"https:\/\/svetpuncov.sk\/cs\/wp-json\/wp\/v2\/product_tag?post=804"}],"curies":[{"name":"wp","href":"https:\/\/api.w.org\/{rel}","templated":true}]}}