{"id":803,"date":"2024-10-09T12:09:17","date_gmt":"2024-10-09T10:09:17","guid":{"rendered":"https:\/\/svetpuncov.sk\/?post_type=product&#038;p=803"},"modified":"2025-12-17T10:45:27","modified_gmt":"2025-12-17T09:45:27","slug":"ananasovo-kokosovy-punc-10l","status":"publish","type":"product","link":"https:\/\/svetpuncov.sk\/cs\/produkt\/ananasovo-kokosovy-punc-10l\/","title":{"rendered":"Anan\u00e1sovo\u2010kokosov\u00fd pun\u010d 10l"},"content":{"rendered":"<div class=\"fusion-content-boxes content-boxes columns row fusion-columns-4 fusion-columns-total-4 fusion-content-boxes-1 content-boxes-icon-on-top content-left\" data-animationoffset=\"top-into-view\">\n<div class=\"fusion-column content-box-column content-box-column content-box-column-2 col-lg-3 col-md-3 col-sm-3 fusion-content-box-hover \">\n<div class=\"col content-box-wrapper content-wrapper link-area-link-icon icon-hover-animation-fade\" data-animationoffset=\"top-into-view\">\n<div class=\"heading heading-with-icon icon-left\">\n<p class=\"icon\">Z\u00e1van leta aj po\u010das zimn\u00e9ho obdobia? Kto by r\u00e1d nesn\u00edval o palm\u00e1ch, pl\u00e1\u017ei a mori? S na\u0161im anan\u00e1sovo \u2013 kokosov\u00fdm pun\u010dom prenesiete atmosf\u00e9ru Karibiku aj do v\u00e1\u0161ho podniku \u010di na viano\u010dn\u00fd trh. Vynikaj\u00face <strong>ovocn\u00e9 v\u00edno<\/strong>\u00a0v kombin\u00e1cii <strong>s\u00a0anan\u00e1som<\/strong>, \u010dist\u00fdm\u00a0<strong>kokosov\u00fdm mliekom<\/strong>\u00a0a\u00a0<strong>mandar\u00ednkami<\/strong>\u00a0dod\u00e1va pun\u010du exotick\u00fd ovocn\u00fd charakter. Svoj viano\u010dn\u00fd n\u00e1dych z\u00edska v\u010faka lahodn\u00e9mu pun\u010dov\u00e9mu koreniu. Ochutnajte ho a nechajte sa un\u00e1\u0161a\u0165 chu\u0165ou Karibiku!<\/p>\n<div>\n<p data-fontsize=\"30\" data-lineheight=\"39px\"><strong>Odpor\u00fa\u010dan\u00e9 pod\u00e1vanie:<\/strong><\/p>\n<p>Zahrejte na 60\u00b0C a ihne\u010f pod\u00e1vajte. Upozornenie: Pun\u010d sa nesmie vari\u0165, inak chu\u0165ovo strat\u00ed na kvalite.<\/p>\n<p data-fontsize=\"30\" data-lineheight=\"39px\"><strong>\u0160pecifick\u00e9 vlastnosti:<\/strong><\/p>\n<p>Pripraven\u00fd na pitie (\u017eiadny koncentr\u00e1t), bez umel\u00fdch pr\u00edchut\u00ed a farb\u00edv konzervovan\u00fd iba zahrievan\u00edm.<\/p>\n<p data-fontsize=\"30\" data-lineheight=\"39px\"><strong>Alerg\u00e9ny:<\/strong><\/p>\n<p>Obsahuje siri\u010ditany<\/p>\n<p data-fontsize=\"30\" data-lineheight=\"39px\"><strong>Skladovanie:<\/strong><\/p>\n<p>Po otvoren\u00ed je trvanlivos\u0165 pri skladovan\u00ed v p\u00f4vodnom obale a v chlade cca 8 dn\u00ed.<\/p>\n<p data-fontsize=\"30\" data-lineheight=\"39px\"><strong>Trvanlivos\u0165:<\/strong><\/p>\n<p>V\u0161etky na\u0161e zimn\u00e9 hor\u00face n\u00e1poje maj\u00fa v neotvorenom p\u00f4vodnom obale dlh\u00fa trvanlivos\u0165 a bez probl\u00e9mov ich je mo\u017en\u00e9 uskladni\u0165 v pivnici alebo gar\u00e1\u017ei bez nutnosti zmrazenia.<\/p>\n<\/div>\n<\/div>\n<\/div>\n<\/div>\n<\/div>\n","protected":false},"excerpt":{"rendered":"<p>Ovocn\u00e9 v\u00edno s anan\u00e1som, kokosov\u00fdm mliekom a mandar\u00ednkami d\u00e1va pun\u010du jedine\u010dn\u00fd exotick\u00fd charakter.<\/p>\n","protected":false},"featured_media":608,"template":"","meta":{"_acf_changed":false},"product_brand":[],"product_cat":[22],"product_tag":[136],"class_list":{"0":"post-803","1":"product","2":"type-product","3":"status-publish","4":"has-post-thumbnail","6":"product_cat-vianocny-punc","7":"product_tag-zlava","9":"first","10":"instock","11":"taxable","12":"shipping-taxable","13":"purchasable","14":"product-type-simple"},"acf":[],"jetpack_sharing_enabled":true,"_links":{"self":[{"href":"https:\/\/svetpuncov.sk\/cs\/wp-json\/wp\/v2\/product\/803","targetHints":{"allow":["GET"]}}],"collection":[{"href":"https:\/\/svetpuncov.sk\/cs\/wp-json\/wp\/v2\/product"}],"about":[{"href":"https:\/\/svetpuncov.sk\/cs\/wp-json\/wp\/v2\/types\/product"}],"wp:featuredmedia":[{"embeddable":true,"href":"https:\/\/svetpuncov.sk\/cs\/wp-json\/wp\/v2\/media\/608"}],"wp:attachment":[{"href":"https:\/\/svetpuncov.sk\/cs\/wp-json\/wp\/v2\/media?parent=803"}],"wp:term":[{"taxonomy":"product_brand","embeddable":true,"href":"https:\/\/svetpuncov.sk\/cs\/wp-json\/wp\/v2\/product_brand?post=803"},{"taxonomy":"product_cat","embeddable":true,"href":"https:\/\/svetpuncov.sk\/cs\/wp-json\/wp\/v2\/product_cat?post=803"},{"taxonomy":"product_tag","embeddable":true,"href":"https:\/\/svetpuncov.sk\/cs\/wp-json\/wp\/v2\/product_tag?post=803"}],"curies":[{"name":"wp","href":"https:\/\/api.w.org\/{rel}","templated":true}]}}