{"id":801,"date":"2024-10-09T12:04:58","date_gmt":"2024-10-09T10:04:58","guid":{"rendered":"https:\/\/svetpuncov.sk\/?post_type=product&#038;p=801"},"modified":"2025-12-26T20:25:07","modified_gmt":"2025-12-26T19:25:07","slug":"cucoriedkovy-punc-10l","status":"publish","type":"product","link":"https:\/\/svetpuncov.sk\/cs\/produkt\/cucoriedkovy-punc-10l\/","title":{"rendered":"\u010cu\u010doriedkov\u00fd pun\u010d 10l"},"content":{"rendered":"<p>H\u013ead\u00e1te siln\u00fd pun\u010d s vysok\u00fdm obsahom alkoholu so zachovan\u00edm pr\u00edjemnej a svie\u017eej chuti? Predstavujeme v\u00e1m \u010du\u010doriedkov\u00fd pun\u010dov\u00fd hit s pozoruhodn\u00fdm 14%-n\u00fdm obsahom alkoholu. <strong>Extra siln\u00e9 bobu\u013eov\u00e9 v\u00edno<\/strong> je kombinovan\u00e9 s aromatickou \u010du\u010doriedkovou \u0161\u0165avou, bazovou \u0161\u0165avou a vybran\u00fdmi koreninami. V\u010faka intenz\u00edvnej farbe pridan\u00fdch \u0161tiav, typickej \u010du\u010doriedkovej v\u00f4ni a vy\u0161\u0161iemu obsahu alkoholu patr\u00ed \u010cu\u010doriedkov\u00fd pun\u010d zasl\u00fa\u017eene k na\u0161im najob\u013e\u00fabenej\u0161\u00edm produktom. Ak v\u00e1m je v zime chladno, n\u00e1\u0161 \u010du\u010doriedkov\u00fd turbo pun\u010d v\u00e1s ur\u010dite privedie do varu!<\/p>\n<p data-fontsize=\"30\" data-lineheight=\"39px\"><strong>Odpor\u00fa\u010dan\u00e9 pod\u00e1vanie:<\/strong><\/p>\n<p>Zahrejte na 60\u00b0C a ihne\u010f pod\u00e1vajte. Upozornenie: Pun\u010d sa nesmie vari\u0165, inak chu\u0165ovo strat\u00ed na kvalite.<\/p>\n<p data-fontsize=\"30\" data-lineheight=\"39px\"><strong>\u0160pecifick\u00e9 vlastnosti:<\/strong><\/p>\n<p>Pripraven\u00fd na pitie (\u017eiadny koncentr\u00e1t), bez umel\u00fdch pr\u00edchut\u00ed a farb\u00edv konzervovan\u00fd iba zahrievan\u00edm.<\/p>\n<p data-fontsize=\"30\" data-lineheight=\"39px\"><strong>Alerg\u00e9ny:<\/strong><\/p>\n<p>Obsahuje siri\u010ditany<\/p>\n<p data-fontsize=\"30\" data-lineheight=\"39px\"><strong>Skladovanie:<\/strong><\/p>\n<p>Po otvoren\u00ed je trvanlivos\u0165 pri skladovan\u00ed v p\u00f4vodnom obale a v chlade cca 8 dn\u00ed.<\/p>\n<p data-fontsize=\"30\" data-lineheight=\"39px\"><strong>Trvanlivos\u0165:<\/strong><\/p>\n<p>V\u0161etky na\u0161e zimn\u00e9 hor\u00face n\u00e1poje maj\u00fa v neotvorenom p\u00f4vodnom obale dlh\u00fa trvanlivos\u0165 a bez probl\u00e9mov ich je mo\u017en\u00e9 uskladni\u0165 v pivnici alebo gar\u00e1\u017ei bez nutnosti zmrazenia.<\/p>\n","protected":false},"excerpt":{"rendered":"<p>N\u00e1\u0161 najsilnej\u0161\u00ed pun\u010d zaru\u010dene zahreje, no chu\u0165 \u010du\u010doriedok zost\u00e1va pr\u00edjemn\u00e1 a jemn\u00e1.<\/p>\n","protected":false},"featured_media":611,"template":"","meta":{"_acf_changed":false},"product_brand":[],"product_cat":[22],"product_tag":[104],"class_list":{"0":"post-801","1":"product","2":"type-product","3":"status-publish","4":"has-post-thumbnail","6":"product_cat-vianocny-punc","7":"product_tag-10litrov","9":"first","10":"instock","11":"taxable","12":"shipping-taxable","13":"purchasable","14":"product-type-simple"},"acf":[],"jetpack_sharing_enabled":true,"_links":{"self":[{"href":"https:\/\/svetpuncov.sk\/cs\/wp-json\/wp\/v2\/product\/801","targetHints":{"allow":["GET"]}}],"collection":[{"href":"https:\/\/svetpuncov.sk\/cs\/wp-json\/wp\/v2\/product"}],"about":[{"href":"https:\/\/svetpuncov.sk\/cs\/wp-json\/wp\/v2\/types\/product"}],"wp:featuredmedia":[{"embeddable":true,"href":"https:\/\/svetpuncov.sk\/cs\/wp-json\/wp\/v2\/media\/611"}],"wp:attachment":[{"href":"https:\/\/svetpuncov.sk\/cs\/wp-json\/wp\/v2\/media?parent=801"}],"wp:term":[{"taxonomy":"product_brand","embeddable":true,"href":"https:\/\/svetpuncov.sk\/cs\/wp-json\/wp\/v2\/product_brand?post=801"},{"taxonomy":"product_cat","embeddable":true,"href":"https:\/\/svetpuncov.sk\/cs\/wp-json\/wp\/v2\/product_cat?post=801"},{"taxonomy":"product_tag","embeddable":true,"href":"https:\/\/svetpuncov.sk\/cs\/wp-json\/wp\/v2\/product_tag?post=801"}],"curies":[{"name":"wp","href":"https:\/\/api.w.org\/{rel}","templated":true}]}}