{"id":798,"date":"2024-10-09T11:56:41","date_gmt":"2024-10-09T09:56:41","guid":{"rendered":"https:\/\/svetpuncov.sk\/?post_type=product&#038;p=798"},"modified":"2026-02-02T12:41:31","modified_gmt":"2026-02-02T11:41:31","slug":"pomarancovo-rumovy-punc-10l","status":"publish","type":"product","link":"https:\/\/svetpuncov.sk\/cs\/produkt\/pomarancovo-rumovy-punc-10l\/","title":{"rendered":"Pomaran\u010dovo\u2010rumov\u00fd pun\u010d 10l"},"content":{"rendered":"<p>Pomaran\u010dovo \u2013 rumov\u00fd pun\u010d patr\u00ed rovnako ako Pun\u010d z lesn\u00e9ho ovocia k jedn\u00fdm z najzn\u00e1mej\u0161\u00edch a najob\u013e\u00fabenej\u0161\u00edch druhov pun\u010du na viano\u010dn\u00fdch trhoch. V\u00f4\u0148a \u0161panielskych <strong>pomaran\u010dov<\/strong>\u00a0a pr\u00edchu\u0165 exotickej\u00a0<strong>ar\u00f3my jamajsk\u00e9ho rumu<\/strong>\u00a0v kombin\u00e1cii s vynikaj\u00facim\u00a0<strong>ovocn\u00fdm v\u00ednom<\/strong> rob\u00ed z pomaran\u010dovo \u2013 rumov\u00e9ho pun\u010du jedine\u010dn\u00fd chu\u0165ov\u00fd z\u00e1\u017eitok. Chu\u0165 zav\u0155\u0161en\u00e1 lahodn\u00fdm <strong>vanilkov\u00fdm cukrom<\/strong> prin\u00e1\u0161a aj v chladnom zimnom obdob\u00ed karibsk\u00fa dovolenkov\u00fa atmosf\u00e9ru. Ak chcete sn\u00edva\u0165 o dovolenke v Karibiku, vychutnajte si n\u00e1\u0161 pomaran\u010dovo \u2013 rumov\u00fd pun\u010d. Jeho chu\u0165 je presved\u010div\u00e1.<\/p>\n<p data-fontsize=\"30\" data-lineheight=\"39px\"><strong>Odpor\u00fa\u010dan\u00e9 pod\u00e1vanie:<\/strong><\/p>\n<p>Zahrejte na 60\u00b0C a ihne\u010f pod\u00e1vajte. Upozornenie: Pun\u010d sa nesmie vari\u0165, inak chu\u0165ovo strat\u00ed na kvalite.<\/p>\n<p data-fontsize=\"30\" data-lineheight=\"39px\"><strong>\u0160pecifick\u00e9 vlastnosti:<\/strong><\/p>\n<p>Pripraven\u00fd na pitie (\u017eiadny koncentr\u00e1t), bez umel\u00fdch pr\u00edchut\u00ed a farb\u00edv konzervovan\u00fd iba zahrievan\u00edm.<\/p>\n<p data-fontsize=\"30\" data-lineheight=\"39px\"><strong>Alerg\u00e9ny:<\/strong><\/p>\n<p>Obsahuje siri\u010ditany<\/p>\n<p data-fontsize=\"30\" data-lineheight=\"39px\"><strong>Skladovanie:<\/strong><\/p>\n<p>Po otvoren\u00ed je trvanlivos\u0165 pri skladovan\u00ed v p\u00f4vodnom obale a v chlade cca 8 dn\u00ed.<\/p>\n<p data-fontsize=\"30\" data-lineheight=\"39px\"><strong>Trvanlivos\u0165:<\/strong><\/p>\n<p>V\u0161etky na\u0161e zimn\u00e9 hor\u00face n\u00e1poje maj\u00fa v neotvorenom p\u00f4vodnom obale dlh\u00fa trvanlivos\u0165 a bez probl\u00e9mov ich je mo\u017en\u00e9 uskladni\u0165 v pivnici alebo gar\u00e1\u017ei bez nutnosti zmrazenia.<\/p>\n","protected":false},"excerpt":{"rendered":"<p>Pomaran\u010dovo-rumov\u00fd pun\u010d v\u00e1m v chladnej zime navod\u00ed dovolenkov\u00fa atmosf\u00e9ru Karibiku.<\/p>\n","protected":false},"featured_media":615,"template":"","meta":{"_acf_changed":false},"product_brand":[],"product_cat":[22],"product_tag":[104],"class_list":{"0":"post-798","1":"product","2":"type-product","3":"status-publish","4":"has-post-thumbnail","6":"product_cat-vianocny-punc","7":"product_tag-10litrov","9":"first","10":"onbackorder","11":"taxable","12":"shipping-taxable","13":"purchasable","14":"product-type-simple"},"acf":[],"jetpack_sharing_enabled":true,"_links":{"self":[{"href":"https:\/\/svetpuncov.sk\/cs\/wp-json\/wp\/v2\/product\/798","targetHints":{"allow":["GET"]}}],"collection":[{"href":"https:\/\/svetpuncov.sk\/cs\/wp-json\/wp\/v2\/product"}],"about":[{"href":"https:\/\/svetpuncov.sk\/cs\/wp-json\/wp\/v2\/types\/product"}],"wp:featuredmedia":[{"embeddable":true,"href":"https:\/\/svetpuncov.sk\/cs\/wp-json\/wp\/v2\/media\/615"}],"wp:attachment":[{"href":"https:\/\/svetpuncov.sk\/cs\/wp-json\/wp\/v2\/media?parent=798"}],"wp:term":[{"taxonomy":"product_brand","embeddable":true,"href":"https:\/\/svetpuncov.sk\/cs\/wp-json\/wp\/v2\/product_brand?post=798"},{"taxonomy":"product_cat","embeddable":true,"href":"https:\/\/svetpuncov.sk\/cs\/wp-json\/wp\/v2\/product_cat?post=798"},{"taxonomy":"product_tag","embeddable":true,"href":"https:\/\/svetpuncov.sk\/cs\/wp-json\/wp\/v2\/product_tag?post=798"}],"curies":[{"name":"wp","href":"https:\/\/api.w.org\/{rel}","templated":true}]}}