{"id":796,"date":"2024-10-09T11:51:00","date_gmt":"2024-10-09T09:51:00","guid":{"rendered":"https:\/\/svetpuncov.sk\/?post_type=product&#038;p=796"},"modified":"2026-01-08T12:09:09","modified_gmt":"2026-01-08T11:09:09","slug":"punc-s-chutou-lesnych-plodov-10l","status":"publish","type":"product","link":"https:\/\/svetpuncov.sk\/cs\/produkt\/punc-s-chutou-lesnych-plodov-10l\/","title":{"rendered":"Pun\u010d s chu\u0165ou lesn\u00fdch plodov 10l"},"content":{"rendered":"<p>P\u00fdtate sa na najob\u013e\u00fabenej\u0161iu pr\u00edchu\u0165 na\u0161ich viano\u010dn\u00fdch pun\u010dov? Celkom jednozna\u010dne je to pr\u00e1ve <strong>Pun\u010d s chu\u0165ou lesn\u00fdch plodov<\/strong>. Pri v\u00fdrobe pun\u010du z lesn\u00fdch plodov sa pou\u017e\u00edva\u00a0<strong>\u010derstv\u00e9 dom\u00e1ce bobu\u013eov\u00e9 v\u00edno<\/strong>. Z\u00e1klad tvor\u00ed r\u00edbez\u013eov\u00e1, bazov\u00e1 a jahodov\u00e1 \u0161\u0165ava, ktor\u00e1 dod\u00e1vaj\u00fa pun\u010du \u0161peci\u00e1lnu chu\u0165. Nakoniec sa pun\u010d dochut\u00ed jemn\u00fdm kry\u0161t\u00e1lov\u00fdm cukrom a r\u00f4znymi pun\u010dov\u00fdmi koreninami. Ak ste tie\u017e milovn\u00edkom bobu\u013eov\u00e9ho ovocia, potom je tento pun\u010d pre v\u00e1s tou spr\u00e1vnou vo\u013ebou.<\/p>\n<p data-fontsize=\"30\" data-lineheight=\"39px\"><strong>Odpor\u00fa\u010dan\u00e9 pod\u00e1vanie:<\/strong><\/p>\n<p>Zahrejte na 60\u00b0C a ihne\u010f pod\u00e1vajte. Upozornenie: Pun\u010d sa nesmie vari\u0165, inak chu\u0165ovo strat\u00ed na kvalite.<\/p>\n<p data-fontsize=\"30\" data-lineheight=\"39px\"><strong>\u0160pecifick\u00e9 vlastnosti:<\/strong><\/p>\n<p>Pripraven\u00fd na pitie (\u017eiadny koncentr\u00e1t), bez umel\u00fdch pr\u00edchut\u00ed a farb\u00edv konzervovan\u00fd iba zahrievan\u00edm.<\/p>\n<p data-fontsize=\"30\" data-lineheight=\"39px\"><strong>Alerg\u00e9ny:<\/strong><\/p>\n<p>Obsahuje siri\u010ditany<\/p>\n<p data-fontsize=\"30\" data-lineheight=\"39px\"><strong>Skladovanie:<\/strong><\/p>\n<p>Po otvoren\u00ed je trvanlivos\u0165 pri skladovan\u00ed v p\u00f4vodnom obale a v chlade cca 8 dn\u00ed.<\/p>\n<p data-fontsize=\"30\" data-lineheight=\"39px\"><strong>Trvanlivos\u0165:<\/strong><\/p>\n<p>V\u0161etky na\u0161e zimn\u00e9 hor\u00face n\u00e1poje maj\u00fa v neotvorenom p\u00f4vodnom obale dlh\u00fa trvanlivos\u0165 a bez probl\u00e9mov ich je mo\u017en\u00e9 uskladni\u0165 v pivnici alebo gar\u00e1\u017ei bez nutnosti zmrazenia.<\/p>\n","protected":false},"excerpt":{"rendered":"<p>Pun\u010d vyr\u00e1ban\u00fd z \u010derstv\u00e9ho bobu\u013eov\u00e9ho v\u00edna doplnen\u00fd o r\u00edbez\u013eov\u00fa, bazov\u00fa a jahodov\u00fa \u0161\u0165avu.<\/p>\n","protected":false},"featured_media":617,"template":"","meta":{"_acf_changed":false},"product_brand":[],"product_cat":[22],"product_tag":[104],"class_list":{"0":"post-796","1":"product","2":"type-product","3":"status-publish","4":"has-post-thumbnail","6":"product_cat-vianocny-punc","7":"product_tag-10litrov","9":"first","10":"onbackorder","11":"taxable","12":"shipping-taxable","13":"purchasable","14":"product-type-simple"},"acf":[],"jetpack_sharing_enabled":true,"_links":{"self":[{"href":"https:\/\/svetpuncov.sk\/cs\/wp-json\/wp\/v2\/product\/796","targetHints":{"allow":["GET"]}}],"collection":[{"href":"https:\/\/svetpuncov.sk\/cs\/wp-json\/wp\/v2\/product"}],"about":[{"href":"https:\/\/svetpuncov.sk\/cs\/wp-json\/wp\/v2\/types\/product"}],"wp:featuredmedia":[{"embeddable":true,"href":"https:\/\/svetpuncov.sk\/cs\/wp-json\/wp\/v2\/media\/617"}],"wp:attachment":[{"href":"https:\/\/svetpuncov.sk\/cs\/wp-json\/wp\/v2\/media?parent=796"}],"wp:term":[{"taxonomy":"product_brand","embeddable":true,"href":"https:\/\/svetpuncov.sk\/cs\/wp-json\/wp\/v2\/product_brand?post=796"},{"taxonomy":"product_cat","embeddable":true,"href":"https:\/\/svetpuncov.sk\/cs\/wp-json\/wp\/v2\/product_cat?post=796"},{"taxonomy":"product_tag","embeddable":true,"href":"https:\/\/svetpuncov.sk\/cs\/wp-json\/wp\/v2\/product_tag?post=796"}],"curies":[{"name":"wp","href":"https:\/\/api.w.org\/{rel}","templated":true}]}}