{"id":3524,"date":"2025-10-07T21:57:18","date_gmt":"2025-10-07T19:57:18","guid":{"rendered":"https:\/\/svetpuncov.sk\/?post_type=product&#038;p=3524"},"modified":"2025-11-27T10:03:43","modified_gmt":"2025-11-27T09:03:43","slug":"balicek-ceresna-na-torte","status":"publish","type":"product","link":"https:\/\/svetpuncov.sk\/cs\/produkt\/balicek-ceresna-na-torte\/","title":{"rendered":"Bal\u00ed\u010dek &#8222;\u010cere\u0161\u0148a na torte&#8220;"},"content":{"rendered":"<h3><strong data-start=\"3881\" data-end=\"3899\"><strong data-start=\"3881\" data-end=\"3899\">\u00a0\u00a0<\/strong>\u261d\ufe0fMO\u017dNOS\u0164 PRIDANIA \/ PERSONALIZ\u00c1CIE BAL\u00cd\u010cKA:<\/strong><\/h3>\n<p>QR k\u00f3d s viano\u010dn\u00fdm pozdravom od vedenia \/ majite\u013ea, QR k\u00f3d s hudobn\u00fdm viano\u010dn\u00fdm playlistom, farbn\u00e9ho zladenia bal\u00ed\u010dku vo farb\u00e1ch v\u00e1\u0161ho brandu, umiestnenie loga, personaliz\u00e1cia venovania.<\/p>\n<p><strong><em>Minim\u00e1ln\u00e1 objedn\u00e1vka: <\/em><\/strong><em>Ak si objedn\u00e1te 1 alebo 1000 radi v\u00e1m to doru\u010d\u00edme.<strong><br \/>\nTerm\u00edny:<\/strong> uz\u00e1vierka objedn\u00e1vok je do 24. 11.2025<\/em><br \/>\n<em><strong>Doru\u010dovanie: <\/strong>49.-50. t\u00fd\u017ede\u0148, pod\u013ea potreby mo\u017en\u00e9 aj sk\u00f4r<\/em><br \/>\n<em><strong>Branding:\u00a0<\/strong>je mo\u017en\u00e9 umiestni\u0165 va\u0161e logo, prisposobi\u0165 farebne u\u017e od 20ks<\/em><br \/>\n<em><strong>Dar\u010deky s\u00fa ur\u010den\u00e9 pre dospel\u00fdch 18+<\/strong><\/em><\/p>\n<blockquote><p><em>Pre bli\u017e\u0161ie inform\u00e1cie o bal\u00ed\u010dkoch a mo\u017enostiach n\u00e1s nev\u00e1hajte kontaktova\u0165 <a href=\"mailto:vianoce@svetpuncov.sk\" aria-label=\"e-mailom na vianoce@svetpuncov.sk\">vianoce@svetpuncov.sk<\/a> alebo <a href=\"tel:+421908935495\" aria-label=\"Zavola\u0165 na \u010d\u00edslo +421 908 935 495\">+421 908 935 495<\/a><\/em><\/p><\/blockquote>\n<p>&nbsp;<\/p>\n<p><strong data-start=\"4104\" data-end=\"4117\">Pre koho:<\/strong> VIP klienti, strategick\u00ed partneri, vedenie.<\/p>\n<p><em data-start=\"2446\" data-end=\"2487\">Vlajkov\u00e1 lo\u010f na\u0161ej ponuky. \u010cere\u0161\u0148a na torte <strong>je multisenzorick\u00fd z\u00e1\u017eitok:<\/strong> v\u00f4\u0148a svie\u010dky, sladk\u00fd dotyk belgick\u00fdch praliniek a \u010dere\u0161\u0148ov\u00e1 n\u00f4ta Rum Legenda Cherry Spiced popri dvoch f\u013ea\u0161iach pun\u010du. <strong>Je to dar\u010dek, pri ktorom si na v\u00e1s partner spomenie aj o rok<\/strong> \u2014 presne to je sila dobr\u00e9ho ukotvenia. Sez\u00f3nne mno\u017estv\u00e1 s\u00fa obmedzen\u00e9, odpor\u00fa\u010dame skor\u00fd v\u00fdber.<\/em><\/p>\n<p><strong>Odpor\u00fa\u010dan\u00e9 pod\u00e1vanie:<\/strong><\/p>\n<p>Zahrejte na 60\u00b0C a ihne\u010f pod\u00e1vajte. Upozornenie: Pun\u010d sa nesmie vari\u0165, inak chu\u0165ovo strat\u00ed na kvalite.<\/p>\n<p data-fontsize=\"30\" data-lineheight=\"39px\"><strong>\u0160pecifick\u00e9 vlastnosti:<\/strong><\/p>\n<p>Pripraven\u00fd na pitie (\u017eiadny koncentr\u00e1t), bez umel\u00fdch pr\u00edchut\u00ed a farb\u00edv konzervovan\u00fd iba zahrievan\u00edm.<\/p>\n<p data-fontsize=\"30\" data-lineheight=\"39px\"><strong>Alerg\u00e9ny:<\/strong><\/p>\n<p>Obsahuje siri\u010ditany, Obsahuje orechy, Obsahuje med,<\/p>\n<p data-fontsize=\"30\" data-lineheight=\"39px\"><strong>Skladovanie:<\/strong><\/p>\n<p>Po otvoren\u00ed je trvanlivos\u0165 pri skladovan\u00ed v p\u00f4vodnom obale a v chlade cca 8 dn\u00ed.<\/p>\n<p data-fontsize=\"30\" data-lineheight=\"39px\"><strong>Trvanlivos\u0165:<\/strong><\/p>\n<p>V\u0161etky na\u0161e zimn\u00e9 hor\u00face n\u00e1poje maj\u00fa v neotvorenom p\u00f4vodnom obale dlh\u00fa trvanlivos\u0165 a bez probl\u00e9mov ich je mo\u017en\u00e9 uskladni\u0165 v pivnici alebo gar\u00e1\u017ei bez nutnosti zmrazenia.<\/p>\n","protected":false},"excerpt":{"rendered":"<p>Na partnerov, na ktor\u00fdch z\u00e1le\u017e\u00ed. 2\u00d7 pun\u010d + <strong data-start=\"3397\" data-end=\"3426\">Rum Legenda Cherry Spiced<\/strong>, pralinky, svie\u010dka a di\u00e1r. Z\u00e1\u017eitok, na ktor\u00fd sa spom\u00edna.<\/p>\n","protected":false},"featured_media":3497,"template":"","meta":{"_acf_changed":false},"product_brand":[],"product_cat":[129],"product_tag":[],"class_list":{"0":"post-3524","1":"product","2":"type-product","3":"status-publish","4":"has-post-thumbnail","6":"product_cat-puncove-balicky","8":"first","9":"outofstock","10":"sale","11":"featured","12":"taxable","13":"shipping-taxable","14":"purchasable","15":"product-type-simple"},"acf":[],"jetpack_sharing_enabled":true,"_links":{"self":[{"href":"https:\/\/svetpuncov.sk\/cs\/wp-json\/wp\/v2\/product\/3524","targetHints":{"allow":["GET"]}}],"collection":[{"href":"https:\/\/svetpuncov.sk\/cs\/wp-json\/wp\/v2\/product"}],"about":[{"href":"https:\/\/svetpuncov.sk\/cs\/wp-json\/wp\/v2\/types\/product"}],"wp:featuredmedia":[{"embeddable":true,"href":"https:\/\/svetpuncov.sk\/cs\/wp-json\/wp\/v2\/media\/3497"}],"wp:attachment":[{"href":"https:\/\/svetpuncov.sk\/cs\/wp-json\/wp\/v2\/media?parent=3524"}],"wp:term":[{"taxonomy":"product_brand","embeddable":true,"href":"https:\/\/svetpuncov.sk\/cs\/wp-json\/wp\/v2\/product_brand?post=3524"},{"taxonomy":"product_cat","embeddable":true,"href":"https:\/\/svetpuncov.sk\/cs\/wp-json\/wp\/v2\/product_cat?post=3524"},{"taxonomy":"product_tag","embeddable":true,"href":"https:\/\/svetpuncov.sk\/cs\/wp-json\/wp\/v2\/product_tag?post=3524"}],"curies":[{"name":"wp","href":"https:\/\/api.w.org\/{rel}","templated":true}]}}