{"id":3516,"date":"2025-10-07T21:35:22","date_gmt":"2025-10-07T19:35:22","guid":{"rendered":"https:\/\/svetpuncov.sk\/?post_type=product&#038;p=3516"},"modified":"2025-11-27T10:04:24","modified_gmt":"2025-11-27T09:04:24","slug":"balicek-puncovy-pozdrav-kopia","status":"publish","type":"product","link":"https:\/\/svetpuncov.sk\/cs\/produkt\/balicek-puncovy-pozdrav-kopia\/","title":{"rendered":"Bal\u00ed\u010dek &#8222;Dvojpr\u00edpitok&#8220;"},"content":{"rendered":"<h3><strong data-start=\"3881\" data-end=\"3899\"><strong data-start=\"3881\" data-end=\"3899\">\u00a0\u00a0<\/strong>\u261d\ufe0fMO\u017dNOS\u0164 PRIDANIA \/ PERSONALIZ\u00c1CIE BAL\u00cd\u010cKA:<\/strong><\/h3>\n<p>QR k\u00f3d s viano\u010dn\u00fdm pozdravom od vedenia \/ majite\u013ea, QR k\u00f3d s hudobn\u00fdm viano\u010dn\u00fdm playlistom, farbn\u00e9ho zladenia bal\u00ed\u010dku vo farb\u00e1ch v\u00e1\u0161ho brandu, umiestnenie loga, personaliz\u00e1cia venovania.<\/p>\n<p><strong><em>Minim\u00e1ln\u00e1 objedn\u00e1vka: <\/em><\/strong><em>Ak si objedn\u00e1te 1 alebo 1000 radi v\u00e1m to doru\u010d\u00edme.<strong><br \/>\nTerm\u00edny:<\/strong> uz\u00e1vierka objedn\u00e1vok je do 24. 11.2025<\/em><br \/>\n<em><strong>Doru\u010dovanie: <\/strong>49.-50. t\u00fd\u017ede\u0148, pod\u013ea potreby mo\u017en\u00e9 aj sk\u00f4r<\/em><br \/>\n<em><strong>Branding:\u00a0<\/strong>je mo\u017en\u00e9 umiestni\u0165 va\u0161e logo, prisposobi\u0165 farebne u\u017e od 20ks<\/em><br \/>\n<em><strong>Dar\u010deky s\u00fa ur\u010den\u00e9 pre dospel\u00fdch 18+<\/strong><\/em><\/p>\n<blockquote><p><em>Pre bli\u017e\u0161ie inform\u00e1cie o bal\u00ed\u010dkoch a mo\u017enostiach n\u00e1s nev\u00e1hajte kontaktova\u0165 <a href=\"mailto:vianoce@svetpuncov.sk\" aria-label=\"e-mailom na vianoce@svetpuncov.sk\">vianoce@svetpuncov.sk<\/a> alebo <a href=\"tel:+421908935495\" aria-label=\"Zavola\u0165 na \u010d\u00edslo +421 908 935 495\">+421 908 935 495<\/a><\/em><\/p><\/blockquote>\n<p><strong><br data-start=\"1599\" data-end=\"1602\" \/>Pre koho: <\/strong>open-space, recepcia, zamestnanci, k\u013e\u00fa\u010dov\u00ed klient<\/p>\n<p><strong>Ke\u010f jedna f\u013ea\u0161a nesta\u010d\u00ed. <\/strong>Dvojpr\u00edpitok zdvojn\u00e1sob\u00ed rados\u0165 a z\u00e1rove\u0148 ukotv\u00ed hodnotu: viac z\u00e1\u017eitku, minim\u00e1lna administrat\u00edva. Zvo\u013ete mix pr\u00edchut\u00ed, pridajte va\u0161e logo a kr\u00e1tke po\u010fakovanie \u2014 a m\u00e1te hotovo. Kapacity personaliz\u00e1cie s\u00fa obmedzen\u00e9, odpor\u00fa\u010dame skor\u00fa rezerv\u00e1ciu.<strong><br \/>\n<\/strong><\/p>\n<p><strong>Odpor\u00fa\u010dan\u00e9 pod\u00e1vanie:<\/strong><\/p>\n<p>Zahrejte na 60\u00b0C a ihne\u010f pod\u00e1vajte. Upozornenie: Pun\u010d sa nesmie vari\u0165, inak chu\u0165ovo strat\u00ed na kvalite.<\/p>\n<p data-fontsize=\"30\" data-lineheight=\"39px\"><strong>\u0160pecifick\u00e9 vlastnosti:<\/strong><\/p>\n<p>Pripraven\u00fd na pitie (\u017eiadny koncentr\u00e1t), bez umel\u00fdch pr\u00edchut\u00ed a farb\u00edv konzervovan\u00fd iba zahrievan\u00edm.<\/p>\n<p data-fontsize=\"30\" data-lineheight=\"39px\"><strong>Alerg\u00e9ny:<\/strong><\/p>\n<p>Obsahuje siri\u010ditany<\/p>\n<p data-fontsize=\"30\" data-lineheight=\"39px\"><strong>Skladovanie:<\/strong><\/p>\n<p>Po otvoren\u00ed je trvanlivos\u0165 pri skladovan\u00ed v p\u00f4vodnom obale a v chlade cca 8 dn\u00ed.<\/p>\n<p data-fontsize=\"30\" data-lineheight=\"39px\"><strong>Trvanlivos\u0165:<\/strong><\/p>\n<p>V\u0161etky na\u0161e zimn\u00e9 hor\u00face n\u00e1poje maj\u00fa v neotvorenom p\u00f4vodnom obale dlh\u00fa trvanlivos\u0165 a bez probl\u00e9mov ich je mo\u017en\u00e9 uskladni\u0165 v pivnici alebo gar\u00e1\u017ei bez nutnosti zmrazenia.<\/p>\n","protected":false},"excerpt":{"rendered":"<p>Dva d\u00f4vody na \u201ena zdravie\u201c. Ide\u00e1lne pre t\u00edm aj k\u013e\u00fa\u010dov\u00e9ho klienta.<\/p>\n","protected":false},"featured_media":3499,"template":"","meta":{"_acf_changed":false},"product_brand":[],"product_cat":[129],"product_tag":[],"class_list":{"0":"post-3516","1":"product","2":"type-product","3":"status-publish","4":"has-post-thumbnail","6":"product_cat-puncove-balicky","8":"first","9":"outofstock","10":"sale","11":"featured","12":"taxable","13":"shipping-taxable","14":"purchasable","15":"product-type-simple"},"acf":[],"jetpack_sharing_enabled":true,"_links":{"self":[{"href":"https:\/\/svetpuncov.sk\/cs\/wp-json\/wp\/v2\/product\/3516","targetHints":{"allow":["GET"]}}],"collection":[{"href":"https:\/\/svetpuncov.sk\/cs\/wp-json\/wp\/v2\/product"}],"about":[{"href":"https:\/\/svetpuncov.sk\/cs\/wp-json\/wp\/v2\/types\/product"}],"wp:featuredmedia":[{"embeddable":true,"href":"https:\/\/svetpuncov.sk\/cs\/wp-json\/wp\/v2\/media\/3499"}],"wp:attachment":[{"href":"https:\/\/svetpuncov.sk\/cs\/wp-json\/wp\/v2\/media?parent=3516"}],"wp:term":[{"taxonomy":"product_brand","embeddable":true,"href":"https:\/\/svetpuncov.sk\/cs\/wp-json\/wp\/v2\/product_brand?post=3516"},{"taxonomy":"product_cat","embeddable":true,"href":"https:\/\/svetpuncov.sk\/cs\/wp-json\/wp\/v2\/product_cat?post=3516"},{"taxonomy":"product_tag","embeddable":true,"href":"https:\/\/svetpuncov.sk\/cs\/wp-json\/wp\/v2\/product_tag?post=3516"}],"curies":[{"name":"wp","href":"https:\/\/api.w.org\/{rel}","templated":true}]}}