{"id":3098,"date":"2024-10-21T13:06:22","date_gmt":"2024-10-21T11:06:22","guid":{"rendered":"https:\/\/svetpuncov.sk\/produkt\/oranzovy-rumovy-punc-025l\/"},"modified":"2024-10-21T13:06:22","modified_gmt":"2024-10-21T11:06:22","slug":"oranzovy-rumovy-punc-025l","status":"publish","type":"product","link":"https:\/\/svetpuncov.sk\/cs\/produkt\/oranzovy-rumovy-punc-025l\/","title":{"rendered":"Oran\u017eov\u00fd &#8211; rumov\u00fd pun\u010d 0,25l"},"content":{"rendered":"<div class=\"fusion-content-boxes content-boxes columns row fusion-columns-4 fusion-columns-total-4 fusion-content-boxes-1 content-boxes-icon-on-top content-left\" data-animationoffset=\"top-into-view\">\n<div class=\"fusion-column content-box-column content-box-column content-box-column-2 col-lg-3 col-md-3 col-sm-3 fusion-content-box-hover \">\n<div class=\"col content-box-wrapper content-wrapper link-area-link-icon icon-hover-animation-fade\" data-animationoffset=\"top-into-view\">\n<div class=\"heading heading-with-icon icon-left\">\n<p>Pomeran\u010dovo &#8211; rumov\u00fd pun\u010d je jedn\u00edm z nejzn\u00e1m\u011bj\u0161\u00edch a nejobl\u00edben\u011bj\u0161\u00edch druh\u016f pun\u010de na v\u00e1no\u010dn\u00edch trz\u00edch, stejn\u011b jako pun\u010d z divok\u00e9ho ovoce. V\u016fn\u011b \u0161pan\u011blsk\u00fdch <strong>pomeran\u010d\u016f<\/strong> a exotick\u00e1 chu\u0165 <strong>jamajsk\u00e9ho rumu<\/strong> v kombinaci s lahodn\u00fdm <strong>ovocn\u00fdm v\u00ednem<\/strong> \u010din\u00ed z pomeran\u010dovo &#8211; rumov\u00e9ho pun\u010de jedine\u010dn\u00fd chu\u0165ov\u00fd z\u00e1\u017eitek. Chu\u0165 dopln\u011bn\u00e1 lahodn\u00fdm <strong>vanilkov\u00fdm cukrem<\/strong> p\u0159in\u00e1\u0161\u00ed sv\u00e1te\u010dn\u00ed karibskou atmosf\u00e9ru i v chladn\u00e9m zimn\u00edm obdob\u00ed. Pokud chcete sn\u00edt o dovolen\u00e9 v Karibiku, vychutnejte si n\u00e1\u0161 pomeran\u010dovo-rumov\u00fd pun\u010d. Jeho chu\u0165 je p\u0159esv\u011bd\u010div\u00e1.    <\/p>\n<p data-fontsize=\"30\" data-lineheight=\"39px\"><strong>Doporu\u010den\u00e9 pod\u00e1v\u00e1n\u00ed:<\/strong><\/p>\n<p>Zah\u0159ejte na 60 \u00b0C a ihned pod\u00e1vejte. Upozorn\u011bn\u00ed: Pun\u010d se nesm\u00ed va\u0159it, jinak chu\u0165ov\u011b ztrat\u00ed na kvalit\u011b. <\/p>\n<p data-fontsize=\"30\" data-lineheight=\"39px\"><strong>Specifick\u00e9 vlastnosti:<\/strong><\/p>\n<p>P\u0159ipraven k pit\u00ed (\u017e\u00e1dn\u00fd koncentr\u00e1t), bez um\u011bl\u00fdch p\u0159\u00edchut\u00ed a barviv, konzervov\u00e1n pouze zah\u0159\u00edv\u00e1n\u00edm.<\/p>\n<p data-fontsize=\"30\" data-lineheight=\"39px\"><strong>Alergeny:<\/strong><\/p>\n<p>Obsahuje si\u0159i\u010ditany<\/p>\n<p data-fontsize=\"30\" data-lineheight=\"39px\"><strong>Skladov\u00e1n\u00ed:<\/strong><\/p>\n<p>Po otev\u0159en\u00ed je trvanlivost p\u0159ibli\u017en\u011b 8 dn\u00ed, pokud se skladuje v p\u016fvodn\u00edm obalu a v chladu.<\/p>\n<p data-fontsize=\"30\" data-lineheight=\"39px\"><strong>Trvanlivost:<\/strong><\/p>\n<p>V\u0161echny na\u0161e zimn\u00ed hork\u00e9 n\u00e1poje maj\u00ed v neotev\u0159en\u00e9m p\u016fvodn\u00edm obalu dlouhou trvanlivost a bez probl\u00e9m\u016f je lze uskladnit ve sklep\u011b nebo gar\u00e1\u017ei bez nutnosti zmrazen\u00ed.<\/p>\n<\/div>\n<\/div>\n<\/div>\n<\/div>\n","protected":false},"excerpt":{"rendered":"<p><span style=\"font-weight: 400;\">Vzorek pun\u010de v plnohodnotn\u00e9 mal\u00e9 lahvi\u010dce s etiketou. <\/span><\/p>\n","protected":false},"featured_media":3099,"template":"","meta":{"_acf_changed":false},"product_brand":[],"product_cat":[100,98],"product_tag":[],"class_list":{"0":"post-3098","1":"product","2":"type-product","3":"status-publish","4":"has-post-thumbnail","6":"product_cat-vanocni-punc","7":"product_cat-lahvovina","9":"first","10":"instock","11":"taxable","12":"shipping-taxable","13":"purchasable","14":"product-type-simple"},"acf":[],"jetpack_sharing_enabled":true,"_links":{"self":[{"href":"https:\/\/svetpuncov.sk\/cs\/wp-json\/wp\/v2\/product\/3098","targetHints":{"allow":["GET"]}}],"collection":[{"href":"https:\/\/svetpuncov.sk\/cs\/wp-json\/wp\/v2\/product"}],"about":[{"href":"https:\/\/svetpuncov.sk\/cs\/wp-json\/wp\/v2\/types\/product"}],"wp:featuredmedia":[{"embeddable":true,"href":"https:\/\/svetpuncov.sk\/cs\/wp-json\/wp\/v2\/media\/3099"}],"wp:attachment":[{"href":"https:\/\/svetpuncov.sk\/cs\/wp-json\/wp\/v2\/media?parent=3098"}],"wp:term":[{"taxonomy":"product_brand","embeddable":true,"href":"https:\/\/svetpuncov.sk\/cs\/wp-json\/wp\/v2\/product_brand?post=3098"},{"taxonomy":"product_cat","embeddable":true,"href":"https:\/\/svetpuncov.sk\/cs\/wp-json\/wp\/v2\/product_cat?post=3098"},{"taxonomy":"product_tag","embeddable":true,"href":"https:\/\/svetpuncov.sk\/cs\/wp-json\/wp\/v2\/product_tag?post=3098"}],"curies":[{"name":"wp","href":"https:\/\/api.w.org\/{rel}","templated":true}]}}