{"id":2841,"date":"2024-10-18T20:54:13","date_gmt":"2024-10-18T18:54:13","guid":{"rendered":"https:\/\/svetpuncov.sk\/produkt\/konopny-punc-025l\/"},"modified":"2024-12-19T17:45:34","modified_gmt":"2024-12-19T16:45:34","slug":"konopny-punc-025l","status":"publish","type":"product","link":"https:\/\/svetpuncov.sk\/cs\/produkt\/konopny-punc-025l\/","title":{"rendered":"Konopn\u00fd pun\u010d 0,25l"},"content":{"rendered":"<p>Konopn\u00e9 produkty na n\u00e1s dnes vyskakuj\u00ed t\u00e9m\u011b\u0159 z ka\u017ed\u00e9ho rohu. Nen\u00ed divu, proto\u017ee CBD se ji\u017e dlouho mluv\u00ed jako o slo\u017ece, kter\u00e1 m\u00e1 na lidi zdrav\u00ed prosp\u011b\u0161n\u00e9 \u00fa\u010dinky. Proto jsme se nechali inspirovat a p\u0159idali do na\u0161\u00ed nab\u00eddky konopn\u00fd pun\u010d, kter\u00fd v\u00e1s zklidn\u00ed a zah\u0159eje z\u00e1rove\u0148. Z\u00e1klad konopn\u00e9ho pun\u010du tvo\u0159\u00ed <strong>\u00fa\u010dinn\u00e9 bylinn\u00e9 extrakty,<\/strong> z\u0159eden\u00e9 s <strong>p\u0159\u00edchut\u00ed konope a ko\u0159en\u00edm.<\/strong> S obsahem 14 % alkoholu pat\u0159\u00ed k na\u0161im nejsiln\u011bj\u0161\u00edm pun\u010d\u016fm. Zp\u0159\u00edjemn\u011bte si chladn\u00fd advent a u\u017eijte si p\u0159edv\u00e1no\u010dn\u00ed obdob\u00ed s nov\u00fdm, zelen\u011b zbarven\u00fdm konopn\u00fdm pun\u010dem.    <\/p>\n<p data-fontsize=\"30\" data-lineheight=\"39px\"><strong>Doporu\u010den\u00e9 pod\u00e1v\u00e1n\u00ed:<\/strong><\/p>\n<p>Zah\u0159ejte na 60\u00b0C a ihned pod\u00e1vejte. Upozorn\u011bn\u00ed: Pun\u010d se nesm\u00ed va\u0159it, jinak chu\u0165ov\u011b ztrat\u00ed na kvalit\u011b. <\/p>\n<p data-fontsize=\"30\" data-lineheight=\"39px\"><strong>Specifick\u00e9 vlastnosti:<\/strong><\/p>\n<p>P\u0159ipraven k pit\u00ed (\u017e\u00e1dn\u00fd koncentr\u00e1t), bez um\u011bl\u00fdch p\u0159\u00edchut\u00ed a barviv konzervovan\u00fd pouze zah\u0159\u00edv\u00e1n\u00edm.<br \/>\nBez THC. <\/p>\n<p data-fontsize=\"30\" data-lineheight=\"39px\"><strong>Alergeny:<\/strong><\/p>\n<p>Obsahuje si\u0159i\u010ditany, E101, E133.<\/p>\n<p data-fontsize=\"30\" data-lineheight=\"39px\"><strong>Skladov\u00e1n\u00ed:<\/strong><\/p>\n<p>Po otev\u0159en\u00ed je trvanlivost p\u0159i skladov\u00e1n\u00ed v p\u016fvodn\u00edm obalu a v chladu cca 8 dn\u00ed.<\/p>\n<p data-fontsize=\"30\" data-lineheight=\"39px\"><strong>Trvanlivost:<\/strong><\/p>\n<p>V\u0161echny na\u0161e zimn\u00ed hork\u00e9 n\u00e1poje maj\u00ed v neotev\u0159en\u00e9m p\u016fvodn\u00edm obalu dlouhou trvanlivost a bez probl\u00e9m\u016f je lze uskladnit ve sklep\u011b nebo gar\u00e1\u017ei bez nutnosti zmrazen\u00ed.<\/p>\n","protected":false},"excerpt":{"rendered":"<p><span style=\"font-weight: 400;\">Vzorek pun\u010de v plnohodnotn\u00e9 mal\u00e9 lahvi\u010dce s etiketou.<\/span><\/p>\n","protected":false},"featured_media":2842,"template":"","meta":{"_acf_changed":false},"product_brand":[],"product_cat":[100,98],"product_tag":[],"class_list":{"0":"post-2841","1":"product","2":"type-product","3":"status-publish","4":"has-post-thumbnail","6":"product_cat-vanocni-punc","7":"product_cat-lahvovina","9":"first","10":"instock","11":"taxable","12":"shipping-taxable","13":"purchasable","14":"product-type-simple"},"acf":[],"jetpack_sharing_enabled":true,"_links":{"self":[{"href":"https:\/\/svetpuncov.sk\/cs\/wp-json\/wp\/v2\/product\/2841","targetHints":{"allow":["GET"]}}],"collection":[{"href":"https:\/\/svetpuncov.sk\/cs\/wp-json\/wp\/v2\/product"}],"about":[{"href":"https:\/\/svetpuncov.sk\/cs\/wp-json\/wp\/v2\/types\/product"}],"wp:featuredmedia":[{"embeddable":true,"href":"https:\/\/svetpuncov.sk\/cs\/wp-json\/wp\/v2\/media\/2842"}],"wp:attachment":[{"href":"https:\/\/svetpuncov.sk\/cs\/wp-json\/wp\/v2\/media?parent=2841"}],"wp:term":[{"taxonomy":"product_brand","embeddable":true,"href":"https:\/\/svetpuncov.sk\/cs\/wp-json\/wp\/v2\/product_brand?post=2841"},{"taxonomy":"product_cat","embeddable":true,"href":"https:\/\/svetpuncov.sk\/cs\/wp-json\/wp\/v2\/product_cat?post=2841"},{"taxonomy":"product_tag","embeddable":true,"href":"https:\/\/svetpuncov.sk\/cs\/wp-json\/wp\/v2\/product_tag?post=2841"}],"curies":[{"name":"wp","href":"https:\/\/api.w.org\/{rel}","templated":true}]}}