{"id":2671,"date":"2024-10-21T13:11:21","date_gmt":"2024-10-21T11:11:21","guid":{"rendered":"https:\/\/svetpuncov.sk\/produkt\/cervene-svarene-vino-025l\/"},"modified":"2024-10-21T13:11:21","modified_gmt":"2024-10-21T11:11:21","slug":"cervene-svarene-vino-025l","status":"publish","type":"product","link":"https:\/\/svetpuncov.sk\/cs\/produkt\/cervene-svarene-vino-025l\/","title":{"rendered":"\u010cerven\u00e9 sva\u0159en\u00e9 v\u00edno 0,25l"},"content":{"rendered":"<div class=\"fusion-content-boxes content-boxes columns row fusion-columns-4 fusion-columns-total-4 fusion-content-boxes-1 content-boxes-icon-on-top content-left\" data-animationoffset=\"top-into-view\">\n<div class=\"fusion-column content-box-column content-box-column content-box-column-2 col-lg-3 col-md-3 col-sm-3 fusion-content-box-hover \">\n<div class=\"col content-box-wrapper content-wrapper link-area-link-icon icon-hover-animation-fade\" data-animationoffset=\"top-into-view\">\n<div class=\"heading heading-with-icon icon-left\">\n<div class=\"fusion-fullwidth fullwidth-box fusion-builder-row-4 fusion-flex-container has-pattern-background has-mask-background nonhundred-percent-fullwidth non-hundred-percent-height-scrolling\">\n<div class=\"fusion-builder-row fusion-row fusion-flex-align-items-flex-start fusion-flex-content-wrap\">\n<div class=\"fusion-layout-column fusion_builder_column fusion-builder-column-6 fusion_builder_column_3_5 3_5 fusion-flex-column fusion-flex-align-self-center\" data-motion-effects=\"[{\"type\":\"\",\"scroll_type\":\"transition\",\"scroll_direction\":\"up\",\"transition_speed\":\"1\",\"fade_type\":\"in\",\"scale_type\":\"up\",\"initial_scale\":\"1\",\"max_scale\":\"1.5\",\"min_scale\":\"0.5\",\"initial_rotate\":\"0\",\"end_rotate\":\"30\",\"initial_blur\":\"0\",\"end_blur\":\"3\",\"start_element\":\"top\",\"start_viewport\":\"bottom\",\"end_element\":\"bottom\",\"end_viewport\":\"top\",\"mouse_effect\":\"track\",\"mouse_effect_direction\":\"opposite\",\"mouse_effect_speed\":\"2\",\"infinite_animation\":\"float\",\"infinite_animation_speed\":\"2\"}]\" data-scroll-devices=\"small-visibility,medium-visibility,large-visibility\">\n<div class=\"fusion-column-wrapper fusion-column-has-shadow fusion-flex-justify-content-space-between fusion-content-layout-column\">\n<div class=\"fusion-text fusion-text-1\">\n<p>\u010cerven\u00e9 sva\u0159en\u00e9 v\u00edno je v\u00e1no\u010dn\u00ed klasikou pod\u00e1vanou ve v\u00e1no\u010dn\u00edch st\u00e1nc\u00edch po cel\u00e9m sv\u011bt\u011b. P\u0159i v\u00fdrob\u011b \u010derven\u00e9ho sva\u0159en\u00e9ho v\u00edna, kter\u00e9 naleznete v na\u0161\u00ed nab\u00eddce, se pou\u017e\u00edv\u00e1 tradi\u010dn\u00ed \u201eproces louhov\u00e1n\u00ed\u201d a z\u00e1rove\u0148 se db\u00e1 na dlouholetou tradici, kter\u00e1 odkazuje na ov\u011b\u0159en\u00e9, siln\u00e9 a kvalitn\u00ed <strong>rakousk\u00e9 \u010derven\u00e9 v\u00edno<\/strong> odr\u016fdy <strong>Frankovka modr\u00e1<\/strong> a <strong>Zweigelt<\/strong>. Do v\u00edna se p\u0159id\u00e1vaj\u00ed <strong>ty\u010dinky sko\u0159ice, h\u0159eb\u00ed\u010dek a cukr<\/strong>. Jakmile je ko\u0159en\u00ed zcela vyluhov\u00e1no, hotov\u00e9 sva\u0159en\u00e9 v\u00edno je p\u0159ipraveno k pit\u00ed, filtruje se a pln\u00ed do kanystr\u016f. Jen t\u00edmto procesem se m\u016f\u017ee zaru\u010dit vysok\u00e1 kvalita a poctivost prod\u00e1van\u00e9ho v\u00edna. P\u0159esv\u011bd\u010dte se sami a ochutnejte na\u0161e \u010derven\u00e9 sva\u0159en\u00e9.<\/p>\n<p class=\"fusion-responsive-typography-calculated\" data-fontsize=\"30\" data-lineheight=\"39px\"><strong>Doporu\u010den\u00e9 pod\u00e1v\u00e1n\u00ed:<\/strong><\/p>\n<p>Zahrejte na 60\u00b0C a ihne\u010f pod\u00e1vajte. Upozorn\u011bn\u00ed: Sva\u0159en\u00e9 v\u00edno se nesm\u00ed va\u0159it, jinak chu\u0165ov\u011b ztrat\u00ed na kvalit\u011b.<\/p>\n<p class=\"fusion-responsive-typography-calculated\" data-fontsize=\"30\" data-lineheight=\"39px\"><strong>Specifick\u00e9 vlastnosti:<\/strong><\/p>\n<p>Vyroben u\u017e jako p\u0159ipraven k pit\u00ed. Tradi\u010dn\u00ed v\u00fdrobn\u00ed proces (bez aromatick\u00fdch p\u0159\u00edsad), konzervovan\u00fd pouze zah\u0159\u00edv\u00e1n\u00edm.<\/p>\n<p class=\"fusion-responsive-typography-calculated\" data-fontsize=\"30\" data-lineheight=\"39px\"><strong>Alergeny:<\/strong><\/p>\n<p>Obsahuje si\u0159i\u010ditany.<\/p>\n<p class=\"fusion-responsive-typography-calculated\" data-fontsize=\"30\" data-lineheight=\"39px\"><strong>Skladov\u00e1n\u00ed:<\/strong><\/p>\n<p>Po otev\u0159en\u00ed je trvanlivost p\u0159i skladov\u00e1n\u00ed v p\u016fvodn\u00edm obalu a v chladu cca 8 dn\u00ed.<\/p>\n<p class=\"fusion-responsive-typography-calculated\" data-fontsize=\"30\" data-lineheight=\"39px\"><strong>Trvanlivost:<\/strong><\/p>\n<p>V\u0161echny na\u0161e zimn\u00ed hork\u00e9 n\u00e1poje maj\u00ed v neotev\u0159en\u00e9m p\u016fvodn\u00edm obalu dlouhou trvanlivost a bez probl\u00e9m\u016f je lze uskladnit ve sklep\u011b nebo gar\u00e1\u017ei bez nutnosti zmrazen\u00ed.<\/p>\n<\/div>\n<\/div>\n<\/div>\n<\/div>\n<\/div>\n<\/div>\n<\/div>\n<\/div>\n<\/div>\n","protected":false},"excerpt":{"rendered":"<p><span style=\"font-weight: 400;\">Vzorek pun\u010de v plnohodnotn\u00e9 mal\u00e9 lahvi\u010dce s etiketou. <\/span><\/p>\n","protected":false},"featured_media":2672,"template":"","meta":{"_acf_changed":false},"product_brand":[],"product_cat":[96,98],"product_tag":[],"class_list":{"0":"post-2671","1":"product","2":"type-product","3":"status-publish","4":"has-post-thumbnail","6":"product_cat-svarene-vino","7":"product_cat-lahvovina","9":"first","10":"instock","11":"taxable","12":"shipping-taxable","13":"purchasable","14":"product-type-simple"},"acf":[],"jetpack_sharing_enabled":true,"_links":{"self":[{"href":"https:\/\/svetpuncov.sk\/cs\/wp-json\/wp\/v2\/product\/2671","targetHints":{"allow":["GET"]}}],"collection":[{"href":"https:\/\/svetpuncov.sk\/cs\/wp-json\/wp\/v2\/product"}],"about":[{"href":"https:\/\/svetpuncov.sk\/cs\/wp-json\/wp\/v2\/types\/product"}],"wp:featuredmedia":[{"embeddable":true,"href":"https:\/\/svetpuncov.sk\/cs\/wp-json\/wp\/v2\/media\/2672"}],"wp:attachment":[{"href":"https:\/\/svetpuncov.sk\/cs\/wp-json\/wp\/v2\/media?parent=2671"}],"wp:term":[{"taxonomy":"product_brand","embeddable":true,"href":"https:\/\/svetpuncov.sk\/cs\/wp-json\/wp\/v2\/product_brand?post=2671"},{"taxonomy":"product_cat","embeddable":true,"href":"https:\/\/svetpuncov.sk\/cs\/wp-json\/wp\/v2\/product_cat?post=2671"},{"taxonomy":"product_tag","embeddable":true,"href":"https:\/\/svetpuncov.sk\/cs\/wp-json\/wp\/v2\/product_tag?post=2671"}],"curies":[{"name":"wp","href":"https:\/\/api.w.org\/{rel}","templated":true}]}}