{"id":2669,"date":"2024-10-21T13:14:07","date_gmt":"2024-10-21T11:14:07","guid":{"rendered":"https:\/\/svetpuncov.sk\/produkt\/marakujovo%e2%80%90vanilkovy-punc-025l\/"},"modified":"2024-10-21T13:14:07","modified_gmt":"2024-10-21T11:14:07","slug":"marakujovo%e2%80%90vanilkovy-punc-025l","status":"publish","type":"product","link":"https:\/\/svetpuncov.sk\/cs\/produkt\/marakujovo%e2%80%90vanilkovy-punc-025l\/","title":{"rendered":"Marakujovo\u2010vanilkov\u00fd pun\u010d 0,25l"},"content":{"rendered":"<div class=\"fusion-content-boxes content-boxes columns row fusion-columns-4 fusion-columns-total-4 fusion-content-boxes-1 content-boxes-icon-on-top content-left\" data-animationoffset=\"top-into-view\">\n<div class=\"fusion-column content-box-column content-box-column content-box-column-2 col-lg-3 col-md-3 col-sm-3 fusion-content-box-hover \">\n<div class=\"col content-box-wrapper content-wrapper link-area-link-icon icon-hover-animation-fade\" data-animationoffset=\"top-into-view\">\n<div class=\"heading heading-with-icon icon-left\">\n<p>Objevujete r\u00e1di nov\u00e9 a neot\u0159el\u00e9 chut\u011b? V\u0161echny ov\u011b\u0159en\u00e9 klasick\u00e9 p\u0159\u00edchut\u011b m\u00e1te vyzkou\u0161en\u00e9 a r\u00e1di byste ochutnali n\u011bco netradi\u010dn\u00edho? Co takhle ochutnat n\u00e1\u0161 Marakujovo \u2013 vanilkov\u00fd pun\u010d, kter\u00fd v sob\u011b kombinuje <strong>vo\u0148av\u00e9 ovocn\u00e9 v\u00edno<\/strong>, ve spojen\u00ed s osv\u011b\u017euj\u00edc\u00ed kyselost\u00ed a typickou chut\u00ed <strong>marakuje<\/strong>, v kombinaci se sladk\u00fdm a ko\u0159en\u011bn\u00fdm aroma <strong>vanilky<\/strong>? V\u0161echny zmi\u0148ovan\u00e9 ingredience d\u011blaj\u00ed z tohoto jedine\u010dn\u00e9ho pun\u010de exkluzivn\u00ed a exotick\u00fd chu\u0165ov\u00fd z\u00e1\u017eitek. N\u00e1dech limetky a p\u0159id\u00e1n\u00ed bady\u00e1nu dod\u00e1vaj\u00ed vyv\u00e1\u017eenou chu\u0165, kter\u00e1 neuraz\u00ed ani ve v\u00e1no\u010dn\u00edm obdob\u00ed.    <\/p>\n<p data-fontsize=\"30\" data-lineheight=\"39px\"><strong>Doporu\u010den\u00e9 pod\u00e1v\u00e1n\u00ed:<\/strong><\/p>\n<p>Zah\u0159ejte na 60\u00b0C a ihned pod\u00e1vejte. Upozorn\u011bn\u00ed: Pun\u010d se nesm\u00ed va\u0159it, jinak chu\u0165ov\u011b ztrat\u00ed na kvalit\u011b. <\/p>\n<p data-fontsize=\"30\" data-lineheight=\"39px\"><strong>Specifick\u00e9 vlastnosti:<\/strong><\/p>\n<p>P\u0159ipraven k pit\u00ed (\u017e\u00e1dn\u00fd koncentr\u00e1t), bez um\u011bl\u00fdch p\u0159\u00edchut\u00ed a barviv konzervovan\u00fd pouze zah\u0159\u00edv\u00e1n\u00edm.<\/p>\n<p data-fontsize=\"30\" data-lineheight=\"39px\"><strong>Alergeny:<\/strong><\/p>\n<p>Obsahuje si\u0159i\u010ditany.<\/p>\n<p data-fontsize=\"30\" data-lineheight=\"39px\"><strong>Skladov\u00e1n\u00ed:<\/strong><\/p>\n<p>Po otev\u0159en\u00ed je trvanlivost p\u0159i skladov\u00e1n\u00ed v p\u016fvodn\u00edm obalu a v chladu cca 8 dn\u00ed.<\/p>\n<p data-fontsize=\"30\" data-lineheight=\"39px\"><strong>Trvanlivost:<\/strong><\/p>\n<p>V\u0161echny na\u0161e zimn\u00ed hork\u00e9 n\u00e1poje maj\u00ed v neotev\u0159en\u00e9m p\u016fvodn\u00edm obalu dlouhou trvanlivost a bez probl\u00e9m\u016f je lze uskladnit ve sklep\u011b nebo gar\u00e1\u017ei bez nutnosti zmrazen\u00ed.<\/p>\n<\/div>\n<\/div>\n<\/div>\n<\/div>\n","protected":false},"excerpt":{"rendered":"<p><span style=\"font-weight: 400;\">Vzorek pun\u010de v plnohodnotn\u00e9 mal\u00e9 lahvi\u010dce s etiketou. <\/span><\/p>\n","protected":false},"featured_media":2670,"template":"","meta":{"_acf_changed":false},"product_brand":[],"product_cat":[100,98],"product_tag":[],"class_list":{"0":"post-2669","1":"product","2":"type-product","3":"status-publish","4":"has-post-thumbnail","6":"product_cat-vanocni-punc","7":"product_cat-lahvovina","9":"first","10":"instock","11":"taxable","12":"shipping-taxable","13":"purchasable","14":"product-type-simple"},"acf":[],"jetpack_sharing_enabled":true,"_links":{"self":[{"href":"https:\/\/svetpuncov.sk\/cs\/wp-json\/wp\/v2\/product\/2669","targetHints":{"allow":["GET"]}}],"collection":[{"href":"https:\/\/svetpuncov.sk\/cs\/wp-json\/wp\/v2\/product"}],"about":[{"href":"https:\/\/svetpuncov.sk\/cs\/wp-json\/wp\/v2\/types\/product"}],"wp:featuredmedia":[{"embeddable":true,"href":"https:\/\/svetpuncov.sk\/cs\/wp-json\/wp\/v2\/media\/2670"}],"wp:attachment":[{"href":"https:\/\/svetpuncov.sk\/cs\/wp-json\/wp\/v2\/media?parent=2669"}],"wp:term":[{"taxonomy":"product_brand","embeddable":true,"href":"https:\/\/svetpuncov.sk\/cs\/wp-json\/wp\/v2\/product_brand?post=2669"},{"taxonomy":"product_cat","embeddable":true,"href":"https:\/\/svetpuncov.sk\/cs\/wp-json\/wp\/v2\/product_cat?post=2669"},{"taxonomy":"product_tag","embeddable":true,"href":"https:\/\/svetpuncov.sk\/cs\/wp-json\/wp\/v2\/product_tag?post=2669"}],"curies":[{"name":"wp","href":"https:\/\/api.w.org\/{rel}","templated":true}]}}