{"id":2570,"date":"2024-10-11T12:49:59","date_gmt":"2024-10-11T10:49:59","guid":{"rendered":"https:\/\/svetpuncov.sk\/produkt\/papirovy-pohar-s-potiskem-250ml-50ks\/"},"modified":"2024-10-11T12:49:59","modified_gmt":"2024-10-11T10:49:59","slug":"papirovy-pohar-s-potiskem-250ml-50ks","status":"publish","type":"product","link":"https:\/\/svetpuncov.sk\/cs\/produkt\/papirovy-pohar-s-potiskem-250ml-50ks\/","title":{"rendered":"Pap\u00edrov\u00fd poh\u00e1r s potiskem 250ml (50ks)"},"content":{"rendered":"<div class=\"fusion-column content-box-column content-box-column content-box-column-1 col-lg-3 col-md-3 col-sm-3 fusion-content-box-hover content-box-column-first-in-row\">\n<div class=\"col content-box-wrapper content-wrapper link-area-link-icon content-icon-wrapper-yes icon-hover-animation-fade\" data-animationoffset=\"top-into-view\">\n<div class=\"heading heading-with-icon icon-left\">\n<div class=\"fusion-column content-box-column content-box-column content-box-column-1 col-lg-3 col-md-3 col-sm-3 fusion-content-box-hover content-box-column-first-in-row\">\n<div class=\"col content-box-wrapper content-wrapper link-area-link-icon content-icon-wrapper-yes icon-hover-animation-fade\" data-animationoffset=\"top-into-view\">\n<div class=\"heading heading-with-icon icon-left\">\n<p class=\"content-box-heading fusion-responsive-typography-calculated\"><strong>Maxim\u00e1ln\u00ed objem: 250ml<\/strong><\/p>\n<\/div>\n<\/div>\n<\/div>\n<div class=\"col content-box-wrapper content-wrapper link-area-link-icon content-icon-wrapper-yes icon-hover-animation-fade\" data-animationoffset=\"top-into-view\">\n<div class=\"heading heading-with-icon icon-left\">\n<p class=\"content-box-heading fusion-responsive-typography-calculated\"><strong>Doporu\u010den\u00fd objem: 200ml<\/strong><\/p>\n<\/div>\n<\/div>\n<div class=\"fusion-column content-box-column content-box-column content-box-column-3 col-lg-3 col-md-3 col-sm-3 fusion-content-box-hover \">\n<div class=\"col content-box-wrapper content-wrapper link-area-link-icon content-icon-wrapper-yes icon-hover-animation-fade\" data-animationoffset=\"top-into-view\">\n<div class=\"heading heading-with-icon icon-left\">\n<p class=\"content-box-heading fusion-responsive-typography-calculated\"><strong>Balen\u00ed: 50ks<\/strong><\/p>\n<p><strong>Karton: 20 balen\u00ed (1000ks poh\u00e1rov)<\/strong><\/p>\n<\/div>\n<\/div>\n<\/div>\n<p>Klasick\u00fd pap\u00edrov\u00fd poh\u00e1r na tepl\u00e9 n\u00e1poje s potiskem. Vyroben z kvalitn\u00edho b\u00edl\u00e9ho pap\u00edru. <br \/>Po pou\u017eit\u00ed m\u016f\u017eete tuto sklenici odhodit do modr\u00e9ho kontejneru na pap\u00edr.  <\/p>\n<\/div>\n<\/div>\n<\/div>\n<div class=\"fusion-column content-box-column content-box-column content-box-column-3 col-lg-3 col-md-3 col-sm-3 fusion-content-box-hover \">\n<div class=\"col content-box-wrapper content-wrapper link-area-link-icon content-icon-wrapper-yes icon-hover-animation-fade\" data-animationoffset=\"top-into-view\">\n<div class=\"heading heading-with-icon icon-left\">\n<p>&nbsp;<\/p>\n<\/div>\n<\/div>\n<\/div>\n","protected":false},"excerpt":{"rendered":"<p>Klasick\u00fd pap\u00edrov\u00fd poh\u00e1r na tepl\u00e9 n\u00e1poje s potiskem.<\/p>\n","protected":false},"featured_media":1531,"template":"","meta":{"_acf_changed":false},"product_brand":[],"product_cat":[97],"product_tag":[],"class_list":{"0":"post-2570","1":"product","2":"type-product","3":"status-publish","4":"has-post-thumbnail","6":"product_cat-doplnkove-zbozi","8":"first","9":"onbackorder","10":"taxable","11":"shipping-taxable","12":"purchasable","13":"product-type-simple"},"acf":[],"jetpack_sharing_enabled":true,"_links":{"self":[{"href":"https:\/\/svetpuncov.sk\/cs\/wp-json\/wp\/v2\/product\/2570","targetHints":{"allow":["GET"]}}],"collection":[{"href":"https:\/\/svetpuncov.sk\/cs\/wp-json\/wp\/v2\/product"}],"about":[{"href":"https:\/\/svetpuncov.sk\/cs\/wp-json\/wp\/v2\/types\/product"}],"wp:featuredmedia":[{"embeddable":true,"href":"https:\/\/svetpuncov.sk\/cs\/wp-json\/wp\/v2\/media\/1531"}],"wp:attachment":[{"href":"https:\/\/svetpuncov.sk\/cs\/wp-json\/wp\/v2\/media?parent=2570"}],"wp:term":[{"taxonomy":"product_brand","embeddable":true,"href":"https:\/\/svetpuncov.sk\/cs\/wp-json\/wp\/v2\/product_brand?post=2570"},{"taxonomy":"product_cat","embeddable":true,"href":"https:\/\/svetpuncov.sk\/cs\/wp-json\/wp\/v2\/product_cat?post=2570"},{"taxonomy":"product_tag","embeddable":true,"href":"https:\/\/svetpuncov.sk\/cs\/wp-json\/wp\/v2\/product_tag?post=2570"}],"curies":[{"name":"wp","href":"https:\/\/api.w.org\/{rel}","templated":true}]}}