{"id":2528,"date":"2024-10-09T12:07:18","date_gmt":"2024-10-09T10:07:18","guid":{"rendered":"https:\/\/svetpuncov.sk\/produkt\/amaretto-punc-10l\/"},"modified":"2024-12-11T13:54:36","modified_gmt":"2024-12-11T12:54:36","slug":"amaretto-punc-10l","status":"publish","type":"product","link":"https:\/\/svetpuncov.sk\/cs\/produkt\/amaretto-punc-10l\/","title":{"rendered":"Amaretto pun\u010d 10l"},"content":{"rendered":"<p>Kdo by neznal zn\u00e1m\u00fd italsk\u00fd lik\u00e9r Amaretto s nezam\u011bnitelnou chut\u00ed marcip\u00e1nu a mandl\u00ed. Pokud m\u00e1te r\u00e1di tuto chu\u0165, budete milovat tak\u00e9 n\u00e1\u0161 Pun\u010d Amaretto. Svou typickou p\u0159\u00edchu\u0165 z\u00edsk\u00e1v\u00e1 z kombinace <strong>siln\u00e9ho bobulov\u00e9ho v\u00edna<\/strong> a jemn\u011b <strong>sladk\u00e9ho mandlov\u00e9ho extraktu<\/strong>. P\u0159id\u00e1n\u00edm <strong>bezov\u00e9 \u0161\u0165\u00e1vy, pun\u010dov\u00e9ho pep\u0159e a karamelov\u00e9ho cukru<\/strong> se chu\u0165 vyv\u00e1\u017e\u00ed a Pun\u010d Amaretto z\u00edsk\u00e1 svoji typickou v\u00e1no\u010dn\u00ed v\u016fni. Tato p\u0159\u00edchu\u0165 pun\u010de pat\u0159\u00ed k v\u00e1noc\u016fm stejn\u011b jako pra\u017een\u00e9 mandle. Ochutnejte ho. Budete ho milovat.<\/p>\n<p data-fontsize=\"30\" data-lineheight=\"39px\"><strong>Doporu\u010den\u00e9 pod\u00e1v\u00e1n\u00ed:<\/strong><\/p>\n<p>Zah\u0159ejte na 60\u00b0C a ihned pod\u00e1vejte. Upozorn\u011bn\u00ed: Pun\u010d se nesm\u00ed va\u0159it, jinak chu\u0165ov\u011b ztrat\u00ed na kvalit\u011b.<\/p>\n<p data-fontsize=\"30\" data-lineheight=\"39px\"><strong>Specifick\u00e9 vlastnosti:<\/strong><\/p>\n<p>P\u0159ipraven k pit\u00ed (\u017e\u00e1dn\u00fd koncentr\u00e1t), bez um\u011bl\u00fdch p\u0159\u00edchut\u00ed a barviv konzervovan\u00fd pouze zah\u0159\u00edv\u00e1n\u00edm.<\/p>\n<p data-fontsize=\"30\" data-lineheight=\"39px\"><strong>Alergeny:<\/strong><\/p>\n<p>Obsahuje si\u0159i\u010ditany.<\/p>\n<p data-fontsize=\"30\" data-lineheight=\"39px\"><strong>Skladov\u00e1n\u00ed:<\/strong><\/p>\n<p>Po otev\u0159en\u00ed je trvanlivost p\u0159i skladov\u00e1n\u00ed v p\u016fvodn\u00edm obalu a v chladu cca 8 dn\u00ed.<\/p>\n<p data-fontsize=\"30\" data-lineheight=\"39px\"><strong>Trvanlivost:<\/strong><\/p>\n<p>V\u0161echny na\u0161e zimn\u00ed hork\u00e9 n\u00e1poje maj\u00ed v neotev\u0159en\u00e9m p\u016fvodn\u00edm obalu dlouhou trvanlivost a bez probl\u00e9m\u016f je lze uskladnit ve sklep\u011b nebo gar\u00e1\u017ei bez nutnosti zmrazen\u00ed.<\/p>\n","protected":false},"excerpt":{"rendered":"<p>Siln\u00e9 bobulov\u00e9 v\u00edno a sladk\u00fd mandlov\u00fd extrakt d\u00e1vaj\u00ed pun\u010di jeho typickou v\u00e1no\u010dn\u00ed p\u0159\u00edchu\u0165.<\/p>\n","protected":false},"featured_media":1516,"template":"","meta":{"_acf_changed":false},"product_brand":[],"product_cat":[100],"product_tag":[106],"class_list":{"0":"post-2528","1":"product","2":"type-product","3":"status-publish","4":"has-post-thumbnail","6":"product_cat-vanocni-punc","7":"product_tag-10litru","9":"first","10":"instock","11":"taxable","12":"shipping-taxable","13":"purchasable","14":"product-type-simple"},"acf":[],"jetpack_sharing_enabled":true,"_links":{"self":[{"href":"https:\/\/svetpuncov.sk\/cs\/wp-json\/wp\/v2\/product\/2528","targetHints":{"allow":["GET"]}}],"collection":[{"href":"https:\/\/svetpuncov.sk\/cs\/wp-json\/wp\/v2\/product"}],"about":[{"href":"https:\/\/svetpuncov.sk\/cs\/wp-json\/wp\/v2\/types\/product"}],"wp:featuredmedia":[{"embeddable":true,"href":"https:\/\/svetpuncov.sk\/cs\/wp-json\/wp\/v2\/media\/1516"}],"wp:attachment":[{"href":"https:\/\/svetpuncov.sk\/cs\/wp-json\/wp\/v2\/media?parent=2528"}],"wp:term":[{"taxonomy":"product_brand","embeddable":true,"href":"https:\/\/svetpuncov.sk\/cs\/wp-json\/wp\/v2\/product_brand?post=2528"},{"taxonomy":"product_cat","embeddable":true,"href":"https:\/\/svetpuncov.sk\/cs\/wp-json\/wp\/v2\/product_cat?post=2528"},{"taxonomy":"product_tag","embeddable":true,"href":"https:\/\/svetpuncov.sk\/cs\/wp-json\/wp\/v2\/product_tag?post=2528"}],"curies":[{"name":"wp","href":"https:\/\/api.w.org\/{rel}","templated":true}]}}