{"id":2523,"date":"2024-10-09T12:00:54","date_gmt":"2024-10-09T10:00:54","guid":{"rendered":"https:\/\/svetpuncov.sk\/produkt\/punc-s-chuti-peceneho-jablka-10l\/"},"modified":"2025-08-29T22:25:15","modified_gmt":"2025-08-29T20:25:15","slug":"punc-s-chuti-peceneho-jablka-10l","status":"publish","type":"product","link":"https:\/\/svetpuncov.sk\/cs\/produkt\/punc-s-chuti-peceneho-jablka-10l\/","title":{"rendered":"Pun\u010d s chut\u00ed pe\u010den\u00e9ho jablka 10l"},"content":{"rendered":"<p>Pe\u010den\u00e1 jablka pat\u0159\u00ed k v\u00e1no\u010dn\u00edmu obdob\u00ed stejn\u011b jako hork\u00fd pun\u010d. Proto v na\u0161\u00ed nab\u00eddce pun\u010d\u016f nem\u016f\u017ee chyb\u011bt ani tato obl\u00edben\u00e1 p\u0159\u00edchu\u0165. <strong>Sko\u0159ice a h\u0159eb\u00ed\u010dek<\/strong> dod\u00e1vaj\u00ed ovocn\u00e9mu <strong>jable\u010dn\u00e9mu v\u00ednu<\/strong>, ze kter\u00e9ho je Pun\u010d s chut\u00ed pe\u010den\u00e9ho jablka vyroben, jeho jedine\u010dnou v\u00e1no\u010dn\u00ed chu\u0165. <strong>Karamelizovan\u00fd cukr<\/strong> se postar\u00e1 o jemnou sladkost a typickou v\u016fni pe\u010den\u00fdch jablek. U\u017e p\u0159i prvn\u00edch dou\u0161c\u00edch se v\u00e1m vyno\u0159\u00ed vzpom\u00ednky na d\u011btstv\u00ed.  <\/p>\n<p data-fontsize=\"30\" data-lineheight=\"39px\"><strong>Doporu\u010den\u00e9 pod\u00e1v\u00e1n\u00ed:<\/strong><\/p>\n<p>Zah\u0159ejte na 60 \u00b0C a ihned pod\u00e1vejte. Upozorn\u011bn\u00ed: Pun\u010d se nesm\u00ed va\u0159it, jinak chu\u0165ov\u011b ztrat\u00ed na kvalit\u011b. <\/p>\n<p data-fontsize=\"30\" data-lineheight=\"39px\"><strong>Specifick\u00e9 vlastnosti:<\/strong><\/p>\n<p>P\u0159ipraven k pit\u00ed (\u017e\u00e1dn\u00fd koncentr\u00e1t), bez um\u011bl\u00fdch p\u0159\u00edchut\u00ed a barviv, konzervov\u00e1n pouze zah\u0159\u00edv\u00e1n\u00edm.<\/p>\n<p data-fontsize=\"30\" data-lineheight=\"39px\"><strong>Alergeny:<\/strong><\/p>\n<p>Obsahuje si\u0159i\u010ditany<\/p>\n<p data-fontsize=\"30\" data-lineheight=\"39px\"><strong>Skladov\u00e1n\u00ed:<\/strong><\/p>\n<p>Po otev\u0159en\u00ed je trvanlivost p\u0159ibli\u017en\u011b 8 dn\u00ed, pokud se skladuje v p\u016fvodn\u00edm obalu a v chladu.<\/p>\n<p data-fontsize=\"30\" data-lineheight=\"39px\"><strong>Trvanlivost:<\/strong><\/p>\n<p>V\u0161echny na\u0161e zimn\u00ed hork\u00e9 n\u00e1poje maj\u00ed v neotev\u0159en\u00e9m p\u016fvodn\u00edm obalu dlouhou trvanlivost a bez probl\u00e9m\u016f je lze uskladnit ve sklep\u011b nebo gar\u00e1\u017ei bez nutnosti zmrazen\u00ed.<\/p>\n","protected":false},"excerpt":{"rendered":"<p><span style=\"font-weight: 400;\">Chu\u0165 pe\u010den\u00fdch jab\u013ak, \u0161korice a klin\u010dekov v\u00e1m zaru\u010dene vynor\u00ed spomienky na detstvo<\/span><\/p>\n","protected":false},"featured_media":1525,"template":"","meta":{"_acf_changed":false},"product_brand":[],"product_cat":[100],"product_tag":[106],"class_list":{"0":"post-2523","1":"product","2":"type-product","3":"status-publish","4":"has-post-thumbnail","6":"product_cat-vanocni-punc","7":"product_tag-10litru","9":"first","10":"instock","11":"taxable","12":"shipping-taxable","13":"purchasable","14":"product-type-simple"},"acf":[],"jetpack_sharing_enabled":true,"_links":{"self":[{"href":"https:\/\/svetpuncov.sk\/cs\/wp-json\/wp\/v2\/product\/2523","targetHints":{"allow":["GET"]}}],"collection":[{"href":"https:\/\/svetpuncov.sk\/cs\/wp-json\/wp\/v2\/product"}],"about":[{"href":"https:\/\/svetpuncov.sk\/cs\/wp-json\/wp\/v2\/types\/product"}],"wp:featuredmedia":[{"embeddable":true,"href":"https:\/\/svetpuncov.sk\/cs\/wp-json\/wp\/v2\/media\/1525"}],"wp:attachment":[{"href":"https:\/\/svetpuncov.sk\/cs\/wp-json\/wp\/v2\/media?parent=2523"}],"wp:term":[{"taxonomy":"product_brand","embeddable":true,"href":"https:\/\/svetpuncov.sk\/cs\/wp-json\/wp\/v2\/product_brand?post=2523"},{"taxonomy":"product_cat","embeddable":true,"href":"https:\/\/svetpuncov.sk\/cs\/wp-json\/wp\/v2\/product_cat?post=2523"},{"taxonomy":"product_tag","embeddable":true,"href":"https:\/\/svetpuncov.sk\/cs\/wp-json\/wp\/v2\/product_tag?post=2523"}],"curies":[{"name":"wp","href":"https:\/\/api.w.org\/{rel}","templated":true}]}}