{"id":2167,"date":"2024-10-09T11:46:26","date_gmt":"2024-10-09T09:46:26","guid":{"rendered":"https:\/\/svetpuncov.sk\/produkt\/nealkoholicky%e2%80%90ovocny-punc-10l\/"},"modified":"2025-08-29T22:25:19","modified_gmt":"2025-08-29T20:25:19","slug":"nealkoholicky%e2%80%90ovocny-punc-10l","status":"publish","type":"product","link":"https:\/\/svetpuncov.sk\/cs\/produkt\/nealkoholicky%e2%80%90ovocny-punc-10l\/","title":{"rendered":"Nealkoholick\u00fd\u2010ovocn\u00fd pun\u010d 10l"},"content":{"rendered":"<p>Neobsahuje ani kapku alkoholu a p\u0159ece pat\u0159\u00ed mezi nejobl\u00edben\u011bj\u0161\u00ed produkty v na\u0161em portfoliu. Nealkoholick\u00fd ovocn\u00fd pun\u010d maj\u00ed v oblib\u011b zejm\u00e9na \u0159idi\u010di a zcela jist\u011b je ocen\u00ed i d\u011bti, pro kter\u00e9 je ovocn\u00fd pun\u010d skv\u011blou alternativou tepl\u00e9ho n\u00e1poje, kter\u00fd zaru\u010den\u011b zah\u0159eje i v tom nejchladn\u011bj\u0161\u00edm obdob\u00ed.  <strong>Nealkoholick\u00fd ovocn\u00fd pun\u010d je vyroben z jable\u010dn\u00e9, ryb\u00edzov\u00e9 a jahodov\u00e9 \u0161\u0165\u00e1vy.<\/strong> Intenzivn\u00ed chu\u0165 umoc\u0148uj\u00ed ovocn\u00e9 a p\u0159\u00edrodn\u00ed pun\u010dov\u00e9 v\u016fn\u011b. D\u00edky kvalitn\u00edm surovin\u00e1m, z\u00edsk\u00e1v\u00e1 nealkoholick\u00fd pun\u010d jedine\u010dnou bobulovou chu\u0165. hork\u00e9 n\u00e1poje je tak\u00e9 nealkoholick\u00fd ovocn\u00fd pun\u010d p\u0159ipraven\u00fd k okam\u017eit\u00e9mu pit\u00ed. Sta\u010d\u00ed ho jen zah\u0159\u00e1t na po\u017eadovanou teplotu (viz. doporu\u010den\u00e9 pod\u00e1v\u00e1n\u00ed) a ihned vychutn\u00e1vat.     <\/p>\n<p data-fontsize=\"30\" data-lineheight=\"39px\"><strong>Doporu\u010den\u00e9 pod\u00e1v\u00e1n\u00ed:<\/strong><\/p>\n<p>Zah\u0159ejte na 60 \u00b0C a ihned pod\u00e1vejte. Upozorn\u011bn\u00ed: Pun\u010d se nesm\u00ed va\u0159it, jinak chu\u0165ov\u011b ztrat\u00ed na kvalit\u011b.<\/p>\n<p data-fontsize=\"30\" data-lineheight=\"39px\"><strong>Specifick\u00e9 vlastnosti:<\/strong><\/p>\n<p>P\u0159ipraven k pit\u00ed (\u017e\u00e1dn\u00fd koncentr\u00e1t). Bez um\u011bl\u00fdch p\u0159\u00edchu\u0165 a barviv. Konzervovan\u00fd pouze zah\u0159\u00edv\u00e1n\u00edm.  <\/p>\n<p data-fontsize=\"30\" data-lineheight=\"39px\"><strong>Alergeny:<\/strong><\/p>\n<p>Obsahuje si\u0159i\u010ditany.<\/p>\n<p data-fontsize=\"30\" data-lineheight=\"39px\"><strong>Skladov\u00e1n\u00ed:<\/strong><\/p>\n<p>Po otev\u0159en\u00ed je trvanlivost p\u0159i skladov\u00e1n\u00ed v p\u016fvodn\u00edm balen\u00ed v chladu cca 4 dny.<\/p>\n<p data-fontsize=\"30\" data-lineheight=\"39px\"><strong>Trvanlivost:<\/strong><\/p>\n<p>V\u0161echny na\u0161e zimn\u00ed hork\u00e9 n\u00e1poje maj\u00ed v neotev\u0159en\u00e9m p\u016fvodn\u00edm obalu dlouhou trvanlivost a bez probl\u00e9m\u016f je lze uskladnit ve sklep\u011b nebo gar\u00e1\u017ei bez nutnosti zmrazen\u00ed.<\/p>\n","protected":false},"excerpt":{"rendered":"<p>Nealkoholick\u00fd pun\u010d s bobulovou chut\u00ed maj\u00ed v oblib\u011b d\u011bti i dosp\u011bl\u00ed. Skv\u011bl\u00e1, vitam\u00edny nabit\u00e1 alternativa. <\/p>\n","protected":false},"featured_media":1523,"template":"","meta":{"_acf_changed":false},"product_brand":[],"product_cat":[100],"product_tag":[106],"class_list":{"0":"post-2167","1":"product","2":"type-product","3":"status-publish","4":"has-post-thumbnail","6":"product_cat-vanocni-punc","7":"product_tag-10litru","9":"first","10":"onbackorder","11":"taxable","12":"shipping-taxable","13":"purchasable","14":"product-type-simple"},"acf":[],"jetpack_sharing_enabled":true,"_links":{"self":[{"href":"https:\/\/svetpuncov.sk\/cs\/wp-json\/wp\/v2\/product\/2167","targetHints":{"allow":["GET"]}}],"collection":[{"href":"https:\/\/svetpuncov.sk\/cs\/wp-json\/wp\/v2\/product"}],"about":[{"href":"https:\/\/svetpuncov.sk\/cs\/wp-json\/wp\/v2\/types\/product"}],"wp:featuredmedia":[{"embeddable":true,"href":"https:\/\/svetpuncov.sk\/cs\/wp-json\/wp\/v2\/media\/1523"}],"wp:attachment":[{"href":"https:\/\/svetpuncov.sk\/cs\/wp-json\/wp\/v2\/media?parent=2167"}],"wp:term":[{"taxonomy":"product_brand","embeddable":true,"href":"https:\/\/svetpuncov.sk\/cs\/wp-json\/wp\/v2\/product_brand?post=2167"},{"taxonomy":"product_cat","embeddable":true,"href":"https:\/\/svetpuncov.sk\/cs\/wp-json\/wp\/v2\/product_cat?post=2167"},{"taxonomy":"product_tag","embeddable":true,"href":"https:\/\/svetpuncov.sk\/cs\/wp-json\/wp\/v2\/product_tag?post=2167"}],"curies":[{"name":"wp","href":"https:\/\/api.w.org\/{rel}","templated":true}]}}