{"id":2116,"date":"2024-11-07T13:03:24","date_gmt":"2024-11-07T12:03:24","guid":{"rendered":"https:\/\/svetpuncov.sk\/produkt\/nealkoholicke-svarene-vino-10l\/"},"modified":"2024-12-11T13:55:06","modified_gmt":"2024-12-11T12:55:06","slug":"nealkoholicke-svarene-vino-10l","status":"publish","type":"product","link":"https:\/\/svetpuncov.sk\/cs\/produkt\/nealkoholicke-svarene-vino-10l\/","title":{"rendered":"Nealkoholick\u00e9 sva\u0159en\u00e9 v\u00edno 10L"},"content":{"rendered":"<div class=\"fusion-fullwidth fullwidth-box fusion-builder-row-4 fusion-flex-container has-pattern-background has-mask-background nonhundred-percent-fullwidth non-hundred-percent-height-scrolling\">\n<div class=\"fusion-builder-row fusion-row fusion-flex-align-items-flex-start fusion-flex-content-wrap\">\n<div class=\"fusion-layout-column fusion_builder_column fusion-builder-column-6 fusion_builder_column_3_5 3_5 fusion-flex-column fusion-flex-align-self-center\" data-motion-effects=\"[{\" data-scroll-devices=\"small-visibility,medium-visibility,large-visibility\">\n<div class=\"fusion-column-wrapper fusion-column-has-shadow fusion-flex-justify-content-space-between fusion-content-layout-column\">\n<div class=\"fusion-text fusion-text-1\">\n<p>Na z\u00e1klad\u011b bohat\u00e9 <strong>\u0161\u0165avy z \u010derven\u00fdch hrozn\u016f<\/strong>, v kombinaci s <strong>bezovou \u0161\u0165\u00e1vou a ko\u0159en\u00edm pro sva\u0159en\u00e9 v\u00edno<\/strong>. D\u00edky tomu chutn\u00e1 jako tradi\u010dn\u00ed sva\u0159en\u00e9 v\u00edno, ale neobsahuje alkohol. P\u0159i v\u00fdrob\u011b nealkoholick\u00e9ho sva\u0159en\u00e9ho v\u00edna je pou\u017eit tradi\u010dn\u00ed \u201eluhovac\u00ed proces\u201c. Do v\u00edna se p\u0159id\u00e1vaj\u00ed ty\u010dinky <strong>sko\u0159ice, h\u0159eb\u00ed\u010dek a cukr<\/strong>. Jakmile je ko\u0159en\u00ed zcela vyluhovan\u00e9, hotov\u00e9 \u201esva\u0159en\u00e9 v\u00edno\u201c je p\u0159ipraveno k pit\u00ed, filtruje se a pln\u00ed do kanystr\u016f. Pouze t\u00edmto n\u00e1ro\u010dn\u00fdm procesem m\u016f\u017eeme zaru\u010dit vysokou kvalitu. Ochutnejte sami! Budete p\u0159ekvapeni!<\/p>\n<p class=\"fusion-responsive-typography-calculated\" data-fontsize=\"30\" data-lineheight=\"39px\"><strong>Doporu\u010den\u00e9 pod\u00e1v\u00e1n\u00ed:<\/strong><\/p>\n<p>Zah\u0159ejte na 60\u00b0C a ihned pod\u00e1vejte. Upozorn\u011bn\u00ed: Va\u0159en\u00e9 v\u00edno se nesm\u00ed va\u0159it, jinak chu\u0165ov\u011b ztrat\u00ed na kvalit\u011b.<\/p>\n<p class=\"fusion-responsive-typography-calculated\" data-fontsize=\"30\" data-lineheight=\"39px\"><strong>Specifick\u00e9 vlastnosti:<\/strong><\/p>\n<p>Vyrobeno ji\u017e jako p\u0159ipraven\u00e9 k pit\u00ed. Tradi\u010dn\u00ed v\u00fdrobn\u00ed proces (bez aromatick\u00fdch p\u0159\u00edsad), konzervov\u00e1no pouze zah\u0159\u00edv\u00e1n\u00edm.<\/p>\n<p class=\"fusion-responsive-typography-calculated\" data-fontsize=\"30\" data-lineheight=\"39px\"><strong>Alergeny:<\/strong><\/p>\n<p>Obsahuje si\u0159i\u010ditany.<\/p>\n<p class=\"fusion-responsive-typography-calculated\" data-fontsize=\"30\" data-lineheight=\"39px\"><strong>Skladov\u00e1n\u00ed<\/strong><\/p>\n<p>Po otev\u0159en\u00ed je trvanlivost p\u0159i skladov\u00e1n\u00ed v p\u016fvodn\u00edm obalu a chladu cca 4 dny.<\/p>\n<p class=\"fusion-responsive-typography-calculated\" data-fontsize=\"30\" data-lineheight=\"39px\"><strong>Trvanlivost:<\/strong><\/p>\n<p>V\u0161echny na\u0161e zimn\u00ed hork\u00e9 n\u00e1poje maj\u00ed v neotev\u0159en\u00e9m p\u016fvodn\u00edm obalu dlouhou trvanlivost a bez probl\u00e9m\u016f je lze uskladnit ve sklep\u011b nebo gar\u00e1\u017ei bez nutnosti zmra\u017een\u00ed.<\/p>\n<\/div>\n<\/div>\n<\/div>\n<\/div>\n<\/div>\n","protected":false},"excerpt":{"rendered":"<p>Nealkoholick\u00e9 sva\u0159en\u00e9 v\u00edno ze \u0161\u0165\u00e1vy z \u010derven\u00fdch hrozn\u016f a ko\u0159en\u00ed na sva\u0159en\u00e9 v\u00edno.<\/p>\n","protected":false},"featured_media":1799,"template":"","meta":{"_acf_changed":false},"product_brand":[],"product_cat":[96],"product_tag":[106],"class_list":{"0":"post-2116","1":"product","2":"type-product","3":"status-publish","4":"has-post-thumbnail","6":"product_cat-svarene-vino","7":"product_tag-10litru","9":"first","10":"instock","11":"taxable","12":"shipping-taxable","13":"purchasable","14":"product-type-simple"},"acf":[],"jetpack_sharing_enabled":true,"_links":{"self":[{"href":"https:\/\/svetpuncov.sk\/cs\/wp-json\/wp\/v2\/product\/2116","targetHints":{"allow":["GET"]}}],"collection":[{"href":"https:\/\/svetpuncov.sk\/cs\/wp-json\/wp\/v2\/product"}],"about":[{"href":"https:\/\/svetpuncov.sk\/cs\/wp-json\/wp\/v2\/types\/product"}],"wp:featuredmedia":[{"embeddable":true,"href":"https:\/\/svetpuncov.sk\/cs\/wp-json\/wp\/v2\/media\/1799"}],"wp:attachment":[{"href":"https:\/\/svetpuncov.sk\/cs\/wp-json\/wp\/v2\/media?parent=2116"}],"wp:term":[{"taxonomy":"product_brand","embeddable":true,"href":"https:\/\/svetpuncov.sk\/cs\/wp-json\/wp\/v2\/product_brand?post=2116"},{"taxonomy":"product_cat","embeddable":true,"href":"https:\/\/svetpuncov.sk\/cs\/wp-json\/wp\/v2\/product_cat?post=2116"},{"taxonomy":"product_tag","embeddable":true,"href":"https:\/\/svetpuncov.sk\/cs\/wp-json\/wp\/v2\/product_tag?post=2116"}],"curies":[{"name":"wp","href":"https:\/\/api.w.org\/{rel}","templated":true}]}}