{"id":2091,"date":"2024-11-22T12:14:52","date_gmt":"2024-11-22T11:14:52","guid":{"rendered":"https:\/\/svetpuncov.sk\/?post_type=product&p=2091"},"modified":"2024-11-22T12:14:52","modified_gmt":"2024-11-22T11:14:52","slug":"varic-na-vino-10l","status":"publish","type":"product","link":"https:\/\/svetpuncov.sk\/cs\/produkt\/varic-na-vino-10l\/","title":{"rendered":"Va\u0159i\u010d na v\u00edno 10L"},"content":{"rendered":"<p>Va\u0159i\u010d na v\u00edno, vodu, \u010daj nebo pun\u010d by nem\u011bl chyb\u011bt v \u017e\u00e1dn\u00e9 restauraci, st\u00e1nku, na tr\u017ei\u0161ti ani na jak\u00e9koliv jin\u00e9 akci, kde se p\u0159ipravuj\u00ed hork\u00e9 v\u00e1no\u010dn\u00ed n\u00e1poje. Hrnek sva\u0159en\u00e9ho v\u00edna, pun\u010de nebo \u010daje je p\u0159esn\u011b to, co lidi zah\u0159eje b\u011bhem chladn\u00fdch dn\u016f \u010di ve\u010der\u016f. Serv\u00edrov\u00e1n\u00ed hork\u00fdch n\u00e1poj\u016f z kvalitn\u00ed nerezov\u00e9 n\u00e1doby je nejen praktick\u00e9, ale tak\u00e9 stylov\u00e9. Va\u0159i\u010de udr\u017euj\u00ed n\u00e1poje dlouho tepl\u00e9, maj\u00ed rychl\u00fd \u010das varu a nekapkaj\u00edc\u00ed kohoutek. Samoz\u0159ejm\u011b lze voln\u011b regulovat teplotu n\u00e1poje. Va\u0159i\u010d na v\u00edno je vybaven indik\u00e1torem hladiny v n\u00e1dr\u017ei, kter\u00fd poskytuje informace o pot\u0159eb\u011b dopln\u011bn\u00ed va\u0159i\u010de. Za\u0159\u00edzen\u00ed je vyrobeno z nerezov\u00e9 oceli, d\u00edky \u010demu\u017e spl\u0148uje 3 z\u00e1kladn\u00ed aspekty:<br \/><strong>Vzhled <\/strong>\u2013 Va\u0159i\u010d vypad\u00e1 dob\u0159e v ka\u017ed\u00e9m interi\u00e9ru. Nerezov\u00e1 ocel v kombinaci s vysoce kvalitn\u00edmi prvky a rukoje\u0165mi p\u016fsob\u00ed skv\u011ble jak p\u0159i venkovn\u00edch ud\u00e1lostech, tak na ofici\u00e1ln\u00edch konferenc\u00edch \u010di men\u0161\u00edch vnit\u0159n\u00edch akc\u00edch. <strong>Bezpe\u010dnost<\/strong> \u2013 Nerezov\u00e1 ocel pou\u017eit\u00e1 p\u0159i v\u00fdrob\u011b je stoprocentn\u011b bezpe\u010dn\u00e1 pro profesion\u00e1ln\u00ed pou\u017eit\u00ed. Va\u0159i\u010d je nav\u00edc vybaven bezpe\u010dnostn\u00edm termostatem a kontrolkami nap\u00e1jen\u00ed, d\u00edky nim\u017e se p\u0159\u00edstroj v p\u0159\u00edpad\u011b p\u0159eh\u0159\u00e1t\u00ed vypne a signalizuje svou vysokou teplotu.<br \/><strong>Hygiena<\/strong><span style=\"font-weight: 400;\"> \u2013<\/span>      <\/p>\n<p><span style=\"font-weight: 400;\"> D\u00edky pou\u017eit\u00ed nerezov\u00e9 oceli se va\u0159i\u010d na v\u00edno \u010dist\u00ed rychle a snadno. V\u0161echny jeho \u010d\u00e1sti, kter\u00e9 p\u0159ich\u00e1zej\u00ed do styku s hork\u00fdm n\u00e1pojem, lze snadno odv\u00e1pnit a vy\u010distit. <\/span><\/p>\n<ul>\n<li><b>Rozsah regulace teplot: <\/b><span style=\"font-weight: 400;\">30<\/span><span style=\"font-weight: 400;\">\u2013<\/span><span style=\"font-weight: 400;\">100 \u00b0C<\/span><\/li>\n<li><b>\u010cas varu: <\/b>35 minut p\u0159i pln\u00e9m obsahu va\u0159i\u010de<\/li>\n<li><b>Pr\u016fm\u011br<\/b>: <span style=\"font-weight: 400;\">220 mm<\/span><\/li>\n<li><b>V\u00fd\u0161ka<\/b>: 467 mm<span style=\"font-weight: 400;\"> <\/span><\/li>\n<li><b>Nap\u011bt\u00ed:<\/b><span style=\"font-weight: 400;\"> 230 V <\/span> <\/li>\n<li><b>P\u0159\u00edkon:<\/b><span style=\"font-weight: 400;\"> 1,65 kW<\/span><\/li>\n<li><b>Proveden\u00ed:<\/b><span style=\"font-weight: 400;\"> nerez <\/span> <\/li>\n<li><strong>\u010c\u00edslo v\u00fdrobku:<\/strong> YG-04310<\/li>\n<\/ul>\n","protected":false},"excerpt":{"rendered":"<p>Va\u0159i\u010de udr\u017euj\u00ed n\u00e1poje dlouho tepl\u00e9, maj\u00ed rychl\u00fd oh\u0159ev a nekapaj\u00edc\u00ed kohoutek.<\/p>\n","protected":false},"featured_media":2058,"template":"","meta":{"_acf_changed":false},"product_brand":[],"product_cat":[97],"product_tag":[],"class_list":{"0":"post-2091","1":"product","2":"type-product","3":"status-publish","4":"has-post-thumbnail","6":"product_cat-doplnkove-zbozi","8":"first","9":"outofstock","10":"taxable","11":"shipping-taxable","12":"purchasable","13":"product-type-simple"},"acf":[],"jetpack_sharing_enabled":true,"_links":{"self":[{"href":"https:\/\/svetpuncov.sk\/cs\/wp-json\/wp\/v2\/product\/2091","targetHints":{"allow":["GET"]}}],"collection":[{"href":"https:\/\/svetpuncov.sk\/cs\/wp-json\/wp\/v2\/product"}],"about":[{"href":"https:\/\/svetpuncov.sk\/cs\/wp-json\/wp\/v2\/types\/product"}],"wp:featuredmedia":[{"embeddable":true,"href":"https:\/\/svetpuncov.sk\/cs\/wp-json\/wp\/v2\/media\/2058"}],"wp:attachment":[{"href":"https:\/\/svetpuncov.sk\/cs\/wp-json\/wp\/v2\/media?parent=2091"}],"wp:term":[{"taxonomy":"product_brand","embeddable":true,"href":"https:\/\/svetpuncov.sk\/cs\/wp-json\/wp\/v2\/product_brand?post=2091"},{"taxonomy":"product_cat","embeddable":true,"href":"https:\/\/svetpuncov.sk\/cs\/wp-json\/wp\/v2\/product_cat?post=2091"},{"taxonomy":"product_tag","embeddable":true,"href":"https:\/\/svetpuncov.sk\/cs\/wp-json\/wp\/v2\/product_tag?post=2091"}],"curies":[{"name":"wp","href":"https:\/\/api.w.org\/{rel}","templated":true}]}}