{"id":1777,"date":"2024-11-06T14:21:24","date_gmt":"2024-11-06T13:21:24","guid":{"rendered":"https:\/\/svetpuncov.sk\/?post_type=product&#038;p=1777"},"modified":"2025-12-02T10:24:25","modified_gmt":"2025-12-02T09:24:25","slug":"vyrobnik-horucej-cokolady","status":"publish","type":"product","link":"https:\/\/svetpuncov.sk\/cs\/produkt\/vyrobnik-horucej-cokolady\/","title":{"rendered":"V\u00fdrobn\u00edk hor\u00facej \u010dokol\u00e1dy 5l"},"content":{"rendered":"<p><strong>V\u00fdrobn\u00edk hor\u00facej \u010dokol\u00e1dy<\/strong> nem\u00f4\u017ee ch\u00fdba\u0165 v \u017eiadnej prev\u00e1dzke, je to skvel\u00fd doplnok pre ka\u017ed\u00fa kaviare\u0148 a jedine\u010dn\u00fd sp\u00f4sob ako pod\u00e1va\u0165 lahodn\u00fa \u010dokol\u00e1du. Pr\u00edprava <strong>\u010dokol\u00e1dy<\/strong> je ve\u013emi jednoduch\u00e1 a bude rozvoniava\u0165 vo Va\u0161ej kaviarni, podniku, \u010di v predajnom st\u00e1nku, \u010d\u00edm si pritiahnete pozornos\u0165 z\u00e1kazn\u00edkov a zv\u00fd\u0161ite predaj \u010dokol\u00e1dy. V\u00fdrobn\u00edk \u010dokol\u00e1dy mo\u017eete pou\u017e\u00edva\u0165 aj na ohrev a pod\u00e1vanie in\u00fdch n\u00e1pojov. Obsluha v\u00fdrobn\u00edka je ve\u013emi jednoduch\u00e1 a \u013eahk\u00e1.<\/p>\n<ul>\n<li><strong>Z\u00e1klad\u0148a<\/strong>: n\u00e1razu odoln\u00fd plast<\/li>\n<li><strong>N\u00e1doba<\/strong>: n\u00e1razu odoln\u00fd polykarbon\u00e1t pre styk s potravinami<\/li>\n<li>N\u00e1dobu je mo\u017en\u00e9 um\u00fdva\u0165 v um\u00fdva\u010dke riadu<\/li>\n<li><strong>Hmotnos\u0165<\/strong>: 7 kg<\/li>\n<li>Vyhrievan\u00e1 n\u00e1doba r\u00fdchlo rozp\u00fa\u0161\u0165a \u010dokol\u00e1du<\/li>\n<li>Nastavite\u013en\u00e9 termostaty: 2 ks<\/li>\n<li>Kontinu\u00e1lne mie\u0161ania vn\u00fatri stroja udr\u017euje produkt premie\u0161an\u00fd a\u00a0konzistentn\u00fd.<\/li>\n<li>Nastavite\u013en\u00fd termostat udr\u017euje regulovate\u013en\u00fa teplotu<\/li>\n<li>NSF \/ ETL Schv\u00e1len\u00e9<\/li>\n<li>V\u00fd\u0161ka 46 cm, \u00a0H\u013abka s\u00a0podnosom 29 cm, \u0161\u00edrka 22 cm<\/li>\n<li>220V \/ 1100W \/ 50Hz<\/li>\n<li>Prieh\u013eadn\u00e1 n\u00e1doba je odn\u00edmate\u013en\u00e1 a m\u00f4\u017ee by\u0165 uskladnen\u00e1 v\u00a0chladni\u010dke s\u00a0n\u00e1pl\u0148ou pre \u010fal\u0161ie pou\u017eitie<\/li>\n<li>Kapacita 5L<\/li>\n<\/ul>\n<p>&nbsp;<\/p>\n<p>&nbsp;<\/p>\n","protected":false},"excerpt":{"rendered":"<p>Skvel\u00fd doplnok pre ka\u017ed\u00fa kaviare\u0148, podnik, \u010di predajn\u00fd st\u00e1nok a jedine\u010dn\u00fd sp\u00f4sob ako pod\u00e1va\u0165 lahodn\u00fa \u010dokol\u00e1du.<\/p>\n","protected":false},"featured_media":1788,"template":"","meta":{"_acf_changed":false},"product_brand":[],"product_cat":[24],"product_tag":[],"class_list":{"0":"post-1777","1":"product","2":"type-product","3":"status-publish","4":"has-post-thumbnail","6":"product_cat-doplnkovy-tovar","8":"first","9":"instock","10":"taxable","11":"shipping-taxable","12":"purchasable","13":"product-type-simple"},"acf":[],"jetpack_sharing_enabled":true,"_links":{"self":[{"href":"https:\/\/svetpuncov.sk\/cs\/wp-json\/wp\/v2\/product\/1777","targetHints":{"allow":["GET"]}}],"collection":[{"href":"https:\/\/svetpuncov.sk\/cs\/wp-json\/wp\/v2\/product"}],"about":[{"href":"https:\/\/svetpuncov.sk\/cs\/wp-json\/wp\/v2\/types\/product"}],"wp:featuredmedia":[{"embeddable":true,"href":"https:\/\/svetpuncov.sk\/cs\/wp-json\/wp\/v2\/media\/1788"}],"wp:attachment":[{"href":"https:\/\/svetpuncov.sk\/cs\/wp-json\/wp\/v2\/media?parent=1777"}],"wp:term":[{"taxonomy":"product_brand","embeddable":true,"href":"https:\/\/svetpuncov.sk\/cs\/wp-json\/wp\/v2\/product_brand?post=1777"},{"taxonomy":"product_cat","embeddable":true,"href":"https:\/\/svetpuncov.sk\/cs\/wp-json\/wp\/v2\/product_cat?post=1777"},{"taxonomy":"product_tag","embeddable":true,"href":"https:\/\/svetpuncov.sk\/cs\/wp-json\/wp\/v2\/product_tag?post=1777"}],"curies":[{"name":"wp","href":"https:\/\/api.w.org\/{rel}","templated":true}]}}