{"id":1419,"date":"2024-10-21T13:09:10","date_gmt":"2024-10-21T11:09:10","guid":{"rendered":"https:\/\/svetpuncov.sk\/?post_type=product&#038;p=1419"},"modified":"2025-12-09T20:58:25","modified_gmt":"2025-12-09T19:58:25","slug":"biele-varene-vino-025l","status":"publish","type":"product","link":"https:\/\/svetpuncov.sk\/cs\/produkt\/biele-varene-vino-025l\/","title":{"rendered":"Biele varen\u00e9 v\u00edno 0,25l"},"content":{"rendered":"<div class=\"fusion-content-boxes content-boxes columns row fusion-columns-4 fusion-columns-total-4 fusion-content-boxes-1 content-boxes-icon-on-top content-left\" data-animationoffset=\"top-into-view\">\n<div class=\"fusion-column content-box-column content-box-column content-box-column-2 col-lg-3 col-md-3 col-sm-3 fusion-content-box-hover \">\n<div class=\"col content-box-wrapper content-wrapper link-area-link-icon icon-hover-animation-fade\" data-animationoffset=\"top-into-view\">\n<div class=\"heading heading-with-icon icon-left\">\n<p>U\u017e d\u00e1vno neplat\u00ed, \u017ee k dlh\u00fdm, chladn\u00fdm a zimn\u00fdm ve\u010derom patr\u00ed v\u00fdhradne \u010derven\u00e9 v\u00edno. \u010coraz \u010dastej\u0161ie od z\u00e1kazn\u00edkov po celom Slovensku po\u010d\u00favame o bielom varenom v\u00edne, ktor\u00e9 im v ponuke viano\u010dn\u00fdch st\u00e1nkov ch\u00fdba. Zme\u0148me to spolo\u010dne a vyrovnajme sk\u00f3re! Z\u00e1kladom dobr\u00e9ho varen\u00e9ho v\u00edna je jeho z\u00e1klad. Preto sa pri v\u00fdrobe bieleho varen\u00e9ho v\u00edna pou\u017e\u00edva v\u00fdhradne <strong>kvalitn\u00e9 rak\u00faske vidiecke v\u00edno.\u00a0<\/strong>Do v\u00edna sa n\u00e1sledne prid\u00e1vaj\u00fa\u00a0<strong>ty\u010dinky\u00a0\u0161korice, klin\u010deky a cukor,\u00a0<\/strong>pri zachovan\u00ed tradi\u010dn\u00e9ho \u201eprocesu l\u00fahovania\u201d.\u00a0Len \u010do je korenie \u00faplne vyl\u00fahovan\u00e9, hotov\u00e9 varen\u00e9 v\u00edno je pripraven\u00e9 na pitie, filtruje sa a pln\u00ed do kanistrov.\u00a0<strong>N\u00e1dych citrusov<\/strong>\u00a0dod\u00e1va hor\u00facemu n\u00e1poju osvie\u017euj\u00facu a pritom viano\u010dn\u00fa chu\u0165. Jednoducho ho len sta\u010d\u00ed zohria\u0165 a s chu\u0165ou vychutn\u00e1va\u0165.<\/p>\n<p data-fontsize=\"30\" data-lineheight=\"39px\"><strong>Odpor\u00fa\u010dan\u00e9 pod\u00e1vanie:<\/strong><\/p>\n<p>Zahrejte na 60 \u00b0C a ihne\u010f pod\u00e1vajte. Upozornenie: Varen\u00e9 v\u00edno sa nesmie vari\u0165, inak chu\u0165ovo strat\u00ed na kvalite.<\/p>\n<p data-fontsize=\"30\" data-lineheight=\"39px\"><strong>\u0160pecifick\u00e9 vlastnosti:<\/strong><\/p>\n<p>Vyroben\u00fd u\u017e ako pripraven\u00fd na pitie. Tradi\u010dn\u00fd v\u00fdrobn\u00fd proces (bez aromatick\u00fdch pr\u00edsad), konzervovan\u00fd iba zahrievan\u00edm.<\/p>\n<p data-fontsize=\"30\" data-lineheight=\"39px\"><strong>Alerg\u00e9ny:<\/strong><\/p>\n<p>Obsahuje siri\u010ditany.<\/p>\n<p data-fontsize=\"30\" data-lineheight=\"39px\"><strong>Skladovanie:<\/strong><\/p>\n<p>Po otvoren\u00ed je trvanlivos\u0165 pri skladovan\u00ed v p\u00f4vodnom obale a v chlade cca 8 dn\u00ed.<\/p>\n<p data-fontsize=\"30\" data-lineheight=\"39px\"><strong>Trvanlivos\u0165:<\/strong><\/p>\n<p>V\u0161etky na\u0161e zimn\u00e9 hor\u00face n\u00e1poje maj\u00fa v neotvorenom p\u00f4vodnom obale dlh\u00fa trvanlivos\u0165 a bez probl\u00e9mov ich je mo\u017en\u00e9 uskladni\u0165 v pivnici alebo gar\u00e1\u017ei bez nutnosti zmrazenia.<\/p>\n<\/div>\n<\/div>\n<\/div>\n<\/div>\n","protected":false},"excerpt":{"rendered":"<p><span style=\"font-weight: 400;\">Vzorka pun\u010du v plnohodnotnej malej f\u013ea\u0161ke s etiketou.\u00a0<\/span><\/p>\n","protected":false},"featured_media":1551,"template":"","meta":{"_acf_changed":false},"product_brand":[],"product_cat":[23,52],"product_tag":[],"class_list":{"0":"post-1419","1":"product","2":"type-product","3":"status-publish","4":"has-post-thumbnail","6":"product_cat-varene-vino","7":"product_cat-flasovina","9":"first","10":"instock","11":"taxable","12":"shipping-taxable","13":"purchasable","14":"product-type-simple"},"acf":[],"jetpack_sharing_enabled":true,"_links":{"self":[{"href":"https:\/\/svetpuncov.sk\/cs\/wp-json\/wp\/v2\/product\/1419","targetHints":{"allow":["GET"]}}],"collection":[{"href":"https:\/\/svetpuncov.sk\/cs\/wp-json\/wp\/v2\/product"}],"about":[{"href":"https:\/\/svetpuncov.sk\/cs\/wp-json\/wp\/v2\/types\/product"}],"wp:featuredmedia":[{"embeddable":true,"href":"https:\/\/svetpuncov.sk\/cs\/wp-json\/wp\/v2\/media\/1551"}],"wp:attachment":[{"href":"https:\/\/svetpuncov.sk\/cs\/wp-json\/wp\/v2\/media?parent=1419"}],"wp:term":[{"taxonomy":"product_brand","embeddable":true,"href":"https:\/\/svetpuncov.sk\/cs\/wp-json\/wp\/v2\/product_brand?post=1419"},{"taxonomy":"product_cat","embeddable":true,"href":"https:\/\/svetpuncov.sk\/cs\/wp-json\/wp\/v2\/product_cat?post=1419"},{"taxonomy":"product_tag","embeddable":true,"href":"https:\/\/svetpuncov.sk\/cs\/wp-json\/wp\/v2\/product_tag?post=1419"}],"curies":[{"name":"wp","href":"https:\/\/api.w.org\/{rel}","templated":true}]}}