{"id":1415,"date":"2024-10-21T13:04:56","date_gmt":"2024-10-21T11:04:56","guid":{"rendered":"https:\/\/svetpuncov.sk\/?post_type=product&#038;p=1415"},"modified":"2025-12-11T10:13:46","modified_gmt":"2025-12-11T09:13:46","slug":"punc-s-chutou-peceneho-jablka-025l-kopia","status":"publish","type":"product","link":"https:\/\/svetpuncov.sk\/cs\/produkt\/punc-s-chutou-peceneho-jablka-025l-kopia\/","title":{"rendered":"Pun\u010d s chu\u0165ou pe\u010den\u00e9ho jablka 0,25l"},"content":{"rendered":"<div class=\"fusion-content-boxes content-boxes columns row fusion-columns-4 fusion-columns-total-4 fusion-content-boxes-1 content-boxes-icon-on-top content-left\" data-animationoffset=\"top-into-view\">\n<div class=\"fusion-column content-box-column content-box-column content-box-column-2 col-lg-3 col-md-3 col-sm-3 fusion-content-box-hover \">\n<div class=\"col content-box-wrapper content-wrapper link-area-link-icon icon-hover-animation-fade\" data-animationoffset=\"top-into-view\">\n<div class=\"heading heading-with-icon icon-left\">\n<p>Pe\u010den\u00e9 jablk\u00e1 patria k viano\u010dn\u00e9mu obdobiu rovnako ako hor\u00faci pun\u010d. Preto v na\u0161ej ponuke pun\u010dov nem\u00f4\u017ee ch\u00fdba\u0165 ani t\u00e1to ob\u013e\u00faben\u00e1 pr\u00edchu\u0165.\u00a0<strong>\u0160korica a klin\u010deky\u00a0<\/strong>dod\u00e1vaj\u00fa ovocn\u00e9mu\u00a0<strong>jablkov\u00e9mu v\u00ednu,<\/strong>\u00a0z ktor\u00e9ho je Pun\u010d s chu\u0165ou pe\u010den\u00e9ho jablka vyroben\u00fd, jeho jedine\u010dn\u00fa viano\u010dn\u00fa chu\u0165.\u00a0<strong>Karamelizovan\u00fd cukor<\/strong>\u00a0sa postar\u00e1 o jemn\u00fa sladkos\u0165 a typick\u00fa v\u00f4\u0148u pe\u010den\u00fdch jab\u013ak. U\u017e pri prv\u00fdch d\u00fa\u0161koch sa v\u00e1m vynoria spomienky na detstvo.<\/p>\n<p data-fontsize=\"30\" data-lineheight=\"39px\"><strong>Odpor\u00fa\u010dan\u00e9 pod\u00e1vanie:<\/strong><\/p>\n<p>Zahrejte na 60\u00b0C a ihne\u010f pod\u00e1vajte. Upozornenie: Pun\u010d sa nesmie vari\u0165, inak chu\u0165ovo strat\u00ed na kvalite.<\/p>\n<p data-fontsize=\"30\" data-lineheight=\"39px\"><strong>\u0160pecifick\u00e9 vlastnosti:<\/strong><\/p>\n<p>Pripraven\u00fd na pitie (\u017eiadny koncentr\u00e1t), bez umel\u00fdch pr\u00edchut\u00ed a farb\u00edv konzervovan\u00fd iba zahrievan\u00edm.<\/p>\n<p data-fontsize=\"30\" data-lineheight=\"39px\"><strong>Alerg\u00e9ny:<\/strong><\/p>\n<p>Obsahuje siri\u010ditany<\/p>\n<p data-fontsize=\"30\" data-lineheight=\"39px\"><strong>Skladovanie:<\/strong><\/p>\n<p>Po otvoren\u00ed je trvanlivos\u0165 pri skladovan\u00ed v p\u00f4vodnom obale a v chlade cca 8 dn\u00ed.<\/p>\n<p data-fontsize=\"30\" data-lineheight=\"39px\"><strong>Trvanlivos\u0165:<\/strong><\/p>\n<p>V\u0161etky na\u0161e zimn\u00e9 hor\u00face n\u00e1poje maj\u00fa v neotvorenom p\u00f4vodnom obale dlh\u00fa trvanlivos\u0165 a bez probl\u00e9mov ich je mo\u017en\u00e9 uskladni\u0165 v pivnici alebo gar\u00e1\u017ei bez nutnosti zmrazenia.<\/p>\n<\/div>\n<\/div>\n<\/div>\n<\/div>\n","protected":false},"excerpt":{"rendered":"<p><span style=\"font-weight: 400;\">Vzorka pun\u010du v plnohodnotnej malej f\u013ea\u0161ke s etiketou.<\/span><\/p>\n","protected":false},"featured_media":1555,"template":"","meta":{"_acf_changed":false},"product_brand":[],"product_cat":[22,52],"product_tag":[],"class_list":{"0":"post-1415","1":"product","2":"type-product","3":"status-publish","4":"has-post-thumbnail","6":"product_cat-vianocny-punc","7":"product_cat-flasovina","9":"first","10":"outofstock","11":"taxable","12":"shipping-taxable","13":"purchasable","14":"product-type-simple"},"acf":[],"jetpack_sharing_enabled":true,"_links":{"self":[{"href":"https:\/\/svetpuncov.sk\/cs\/wp-json\/wp\/v2\/product\/1415","targetHints":{"allow":["GET"]}}],"collection":[{"href":"https:\/\/svetpuncov.sk\/cs\/wp-json\/wp\/v2\/product"}],"about":[{"href":"https:\/\/svetpuncov.sk\/cs\/wp-json\/wp\/v2\/types\/product"}],"wp:featuredmedia":[{"embeddable":true,"href":"https:\/\/svetpuncov.sk\/cs\/wp-json\/wp\/v2\/media\/1555"}],"wp:attachment":[{"href":"https:\/\/svetpuncov.sk\/cs\/wp-json\/wp\/v2\/media?parent=1415"}],"wp:term":[{"taxonomy":"product_brand","embeddable":true,"href":"https:\/\/svetpuncov.sk\/cs\/wp-json\/wp\/v2\/product_brand?post=1415"},{"taxonomy":"product_cat","embeddable":true,"href":"https:\/\/svetpuncov.sk\/cs\/wp-json\/wp\/v2\/product_cat?post=1415"},{"taxonomy":"product_tag","embeddable":true,"href":"https:\/\/svetpuncov.sk\/cs\/wp-json\/wp\/v2\/product_tag?post=1415"}],"curies":[{"name":"wp","href":"https:\/\/api.w.org\/{rel}","templated":true}]}}