{"id":1585,"date":"2024-09-06T14:26:23","date_gmt":"2024-09-06T12:26:23","guid":{"rendered":"https:\/\/svetpuncov.sk\/kontakt\/"},"modified":"2024-11-14T17:23:02","modified_gmt":"2024-11-14T16:23:02","slug":"kontakt","status":"publish","type":"page","link":"https:\/\/svetpuncov.sk\/cs\/kontakt\/","title":{"rendered":"Kontakt"},"content":{"rendered":"\t\t<div data-elementor-type=\"wp-page\" data-elementor-id=\"1585\" class=\"elementor elementor-1585 elementor-131\" data-elementor-post-type=\"page\">\n\t\t\t\t<div class=\"elementor-element elementor-element-0acf1be e-flex e-con-boxed e-con e-parent\" data-id=\"0acf1be\" data-element_type=\"container\" data-settings=\"{&quot;background_background&quot;:&quot;classic&quot;}\">\n\t\t\t\t\t<div class=\"e-con-inner\">\n\t\t\t\t<div class=\"elementor-element elementor-element-13195b2 elementor-absolute elementor-hidden-mobile elementor-widget elementor-widget-image\" data-id=\"13195b2\" data-element_type=\"widget\" data-settings=\"{&quot;_position&quot;:&quot;absolute&quot;}\" data-widget_type=\"image.default\">\n\t\t\t\t<div class=\"elementor-widget-container\">\n\t\t\t\t\t\t\t\t\t\t\t\t\t\t\t<img decoding=\"async\" width=\"138\" height=\"334\" src=\"https:\/\/svetpuncov.sk\/wp-content\/uploads\/2024\/09\/Badian-left-half.png\" class=\"attachment-large size-large wp-image-1499\" alt=\"\" srcset=\"https:\/\/svetpuncov.sk\/wp-content\/uploads\/2024\/09\/Badian-left-half.png 138w, https:\/\/svetpuncov.sk\/wp-content\/uploads\/2024\/09\/Badian-left-half-124x300.png 124w\" sizes=\"(max-width: 138px) 100vw, 138px\" \/>\t\t\t\t\t\t\t\t\t\t\t\t\t\t\t<\/div>\n\t\t\t\t<\/div>\n\t\t<div class=\"elementor-element elementor-element-c27d7c5 e-flex e-con-boxed e-con e-child\" data-id=\"c27d7c5\" data-element_type=\"container\">\n\t\t\t\t\t<div class=\"e-con-inner\">\n\t\t\t\t<div class=\"elementor-element elementor-element-2e980dc elementor-widget__width-initial elementor-widget elementor-widget-heading\" data-id=\"2e980dc\" data-element_type=\"widget\" data-widget_type=\"heading.default\">\n\t\t\t\t<div class=\"elementor-widget-container\">\n\t\t\t\t\t<h1 class=\"elementor-heading-title elementor-size-default\">Kontakt<\/h1>\t\t\t\t<\/div>\n\t\t\t\t<\/div>\n\t\t\t\t\t<\/div>\n\t\t\t\t<\/div>\n\t\t\t\t\t<\/div>\n\t\t\t\t<\/div>\n\t\t<div class=\"elementor-element elementor-element-b212da2 e-flex e-con-boxed e-con e-parent\" data-id=\"b212da2\" data-element_type=\"container\">\n\t\t\t\t\t<div class=\"e-con-inner\">\n\t\t\t\t<div class=\"elementor-element elementor-element-8ca4835 elementor-widget elementor-widget-shortcode\" data-id=\"8ca4835\" data-element_type=\"widget\" data-widget_type=\"shortcode.default\">\n\t\t\t\t<div class=\"elementor-widget-container\">\n\t\t\t\t\t\t\t<div class=\"elementor-shortcode\"><nav aria-label=\"breadcrumbs\" class=\"rank-math-breadcrumb\"><p><span class=\"last\">Obchod<\/span><\/p><\/nav><\/div>\n\t\t\t\t\t\t<\/div>\n\t\t\t\t<\/div>\n\t\t\t\t\t<\/div>\n\t\t\t\t<\/div>\n\t\t<div class=\"elementor-element elementor-element-7ffd5e9 e-flex e-con-boxed e-con e-parent\" data-id=\"7ffd5e9\" data-element_type=\"container\">\n\t\t\t\t\t<div class=\"e-con-inner\">\n\t\t<div class=\"elementor-element elementor-element-8773d55 e-con-full e-flex e-con e-child\" data-id=\"8773d55\" data-element_type=\"container\">\n\t\t\t\t<div class=\"elementor-element elementor-element-682c884 elementor-widget elementor-widget-google_maps\" data-id=\"682c884\" data-element_type=\"widget\" data-widget_type=\"google_maps.default\">\n\t\t\t\t<div class=\"elementor-widget-container\">\n\t\t\t\t\t\t\t<div class=\"elementor-custom-embed\">\n\t\t\t<iframe loading=\"lazy\"\n\t\t\t\t\tsrc=\"https:\/\/maps.google.com\/maps?q=Svet%20pun%C4%8Dov%2C%20Cukrov%C3%A1%2014%2C%20917%2001%20Trnava&#038;t=m&#038;z=14&#038;output=embed&#038;iwloc=near\"\n\t\t\t\t\ttitle=\"Svet pun\u010dov, Cukrov\u00e1 14, 917 01 Trnava\"\n\t\t\t\t\taria-label=\"Svet pun\u010dov, Cukrov\u00e1 14, 917 01 Trnava\"\n\t\t\t><\/iframe>\n\t\t<\/div>\n\t\t\t\t\t\t<\/div>\n\t\t\t\t<\/div>\n\t\t\t\t<\/div>\n\t\t<div class=\"elementor-element elementor-element-ed7d1a2 e-con-full e-flex e-con e-child\" data-id=\"ed7d1a2\" data-element_type=\"container\">\n\t\t<div class=\"elementor-element elementor-element-f5bb380 e-con-full e-flex e-con e-child\" data-id=\"f5bb380\" data-element_type=\"container\">\n\t\t\t\t<div class=\"elementor-element elementor-element-e9fd7de elementor-widget elementor-widget-heading\" data-id=\"e9fd7de\" data-element_type=\"widget\" data-widget_type=\"heading.default\">\n\t\t\t\t<div class=\"elementor-widget-container\">\n\t\t\t\t\t<h3 class=\"elementor-heading-title elementor-size-default\">Kontakt<\/h3>\t\t\t\t<\/div>\n\t\t\t\t<\/div>\n\t\t\t\t<\/div>\n\t\t<div class=\"elementor-element elementor-element-b0c08a6 e-con-full e-flex e-con e-child\" data-id=\"b0c08a6\" data-element_type=\"container\">\n\t\t<div class=\"elementor-element elementor-element-f85baf6 e-con-full e-flex e-con e-child\" data-id=\"f85baf6\" data-element_type=\"container\">\n\t\t\t\t<div class=\"elementor-element elementor-element-9f39533 elementor-widget elementor-widget-heading\" data-id=\"9f39533\" data-element_type=\"widget\" data-widget_type=\"heading.default\">\n\t\t\t\t<div class=\"elementor-widget-container\">\n\t\t\t\t\t<h6 class=\"elementor-heading-title elementor-size-default\">e-mail<\/h6>\t\t\t\t<\/div>\n\t\t\t\t<\/div>\n\t\t\t\t<div class=\"elementor-element elementor-element-e291f63 elementor-widget elementor-widget-heading\" data-id=\"e291f63\" data-element_type=\"widget\" data-widget_type=\"heading.default\">\n\t\t\t\t<div class=\"elementor-widget-container\">\n\t\t\t\t\t<p class=\"elementor-heading-title elementor-size-default\"><a href=\"mailto:info@svetpuncov.sk\">info@svetpuncov.sk<\/a><\/p>\t\t\t\t<\/div>\n\t\t\t\t<\/div>\n\t\t\t\t<\/div>\n\t\t<div class=\"elementor-element elementor-element-4b37c0a e-con-full e-flex e-con e-child\" data-id=\"4b37c0a\" data-element_type=\"container\">\n\t\t\t\t<div class=\"elementor-element elementor-element-6650a8c elementor-widget elementor-widget-heading\" data-id=\"6650a8c\" data-element_type=\"widget\" data-widget_type=\"heading.default\">\n\t\t\t\t<div class=\"elementor-widget-container\">\n\t\t\t\t\t<h6 class=\"elementor-heading-title elementor-size-default\">Telef\u00f3n<\/h6>\t\t\t\t<\/div>\n\t\t\t\t<\/div>\n\t\t\t\t<div class=\"elementor-element elementor-element-fa5e7bf elementor-widget elementor-widget-heading\" data-id=\"fa5e7bf\" data-element_type=\"widget\" data-widget_type=\"heading.default\">\n\t\t\t\t<div class=\"elementor-widget-container\">\n\t\t\t\t\t<p class=\"elementor-heading-title elementor-size-default\"><a href=\"tel:+421%20908%20935%20495\">+421 908 935 495<\/a><\/p>\t\t\t\t<\/div>\n\t\t\t\t<\/div>\n\t\t\t\t<\/div>\n\t\t<div class=\"elementor-element elementor-element-fe4c3df e-con-full e-flex e-con e-child\" data-id=\"fe4c3df\" data-element_type=\"container\">\n\t\t\t\t<div class=\"elementor-element elementor-element-4a0d168 elementor-widget elementor-widget-heading\" data-id=\"4a0d168\" data-element_type=\"widget\" data-widget_type=\"heading.default\">\n\t\t\t\t<div class=\"elementor-widget-container\">\n\t\t\t\t\t<h6 class=\"elementor-heading-title elementor-size-default\">Social<\/h6>\t\t\t\t<\/div>\n\t\t\t\t<\/div>\n\t\t\t\t<div class=\"elementor-element elementor-element-caace1d elementor-widget elementor-widget-heading\" data-id=\"caace1d\" data-element_type=\"widget\" data-widget_type=\"heading.default\">\n\t\t\t\t<div class=\"elementor-widget-container\">\n\t\t\t\t\t<p class=\"elementor-heading-title elementor-size-default\"><a href=\"https:\/\/www.instagram.com\/svetpuncov.sk\/\">Instagram<\/a><\/p>\t\t\t\t<\/div>\n\t\t\t\t<\/div>\n\t\t\t\t<div class=\"elementor-element elementor-element-c9dee61 elementor-widget elementor-widget-heading\" data-id=\"c9dee61\" data-element_type=\"widget\" data-widget_type=\"heading.default\">\n\t\t\t\t<div class=\"elementor-widget-container\">\n\t\t\t\t\t<p class=\"elementor-heading-title elementor-size-default\"><a href=\"https:\/\/www.facebook.com\/profile.php?id=61566594175573\" target=\"_blank\" rel=\"noopener\">Facebook<\/a><\/p>\t\t\t\t<\/div>\n\t\t\t\t<\/div>\n\t\t\t\t<\/div>\n\t\t\t\t<\/div>\n\t\t<div class=\"elementor-element elementor-element-89e89fa e-con-full e-flex e-con e-child\" data-id=\"89e89fa\" data-element_type=\"container\">\n\t\t\t\t<div class=\"elementor-element elementor-element-f95e78a elementor-widget elementor-widget-heading\" data-id=\"f95e78a\" data-element_type=\"widget\" data-widget_type=\"heading.default\">\n\t\t\t\t<div class=\"elementor-widget-container\">\n\t\t\t\t\t<h3 class=\"elementor-heading-title elementor-size-default\">Adresa<\/h3>\t\t\t\t<\/div>\n\t\t\t\t<\/div>\n\t\t\t\t<\/div>\n\t\t<div class=\"elementor-element elementor-element-a8ddf11 e-con-full e-flex e-con e-child\" data-id=\"a8ddf11\" data-element_type=\"container\">\n\t\t<div class=\"elementor-element elementor-element-6fd106a e-con-full e-flex e-con e-child\" data-id=\"6fd106a\" data-element_type=\"container\">\n\t\t\t\t<div class=\"elementor-element elementor-element-e46a564 elementor-widget elementor-widget-heading\" data-id=\"e46a564\" data-element_type=\"widget\" data-widget_type=\"heading.default\">\n\t\t\t\t<div class=\"elementor-widget-container\">\n\t\t\t\t\t<h6 class=\"elementor-heading-title elementor-size-default\">ADRESA VYZDVIHNUTIA<\/h6>\t\t\t\t<\/div>\n\t\t\t\t<\/div>\n\t\t\t\t<div class=\"elementor-element elementor-element-4c983b0 elementor-widget elementor-widget-heading\" data-id=\"4c983b0\" data-element_type=\"widget\" data-widget_type=\"heading.default\">\n\t\t\t\t<div class=\"elementor-widget-container\">\n\t\t\t\t\t<p class=\"elementor-heading-title elementor-size-default\">Svet pun\u010dov<br>\nCukrov\u00e1 14 <br>917 01 Trnava<\/p>\t\t\t\t<\/div>\n\t\t\t\t<\/div>\n\t\t\t\t<\/div>\n\t\t<div class=\"elementor-element elementor-element-2f9b133 e-con-full e-flex e-con e-child\" data-id=\"2f9b133\" data-element_type=\"container\">\n\t\t\t\t<div class=\"elementor-element elementor-element-110fa2d elementor-widget elementor-widget-heading\" data-id=\"110fa2d\" data-element_type=\"widget\" data-widget_type=\"heading.default\">\n\t\t\t\t<div class=\"elementor-widget-container\">\n\t\t\t\t\t<h6 class=\"elementor-heading-title elementor-size-default\">FAKTURA\u010cN\u00c1 ADRESA<\/h6>\t\t\t\t<\/div>\n\t\t\t\t<\/div>\n\t\t\t\t<div class=\"elementor-element elementor-element-dd8ce72 elementor-widget elementor-widget-heading\" data-id=\"dd8ce72\" data-element_type=\"widget\" data-widget_type=\"heading.default\">\n\t\t\t\t<div class=\"elementor-widget-container\">\n\t\t\t\t\t<p class=\"elementor-heading-title elementor-size-default\">HOSPITALITY group s.r.o.<br>\nNa hlin\u00e1ch 6925\/16<br>\nTrnava 917 01<\/p>\t\t\t\t<\/div>\n\t\t\t\t<\/div>\n\t\t\t\t<div class=\"elementor-element elementor-element-64afeb7 elementor-widget elementor-widget-heading\" data-id=\"64afeb7\" data-element_type=\"widget\" data-widget_type=\"heading.default\">\n\t\t\t\t<div class=\"elementor-widget-container\">\n\t\t\t\t\t<p class=\"elementor-heading-title elementor-size-default\">I\u010cO: 48289302<br \/>\nDI\u010c: 2120121476<br \/>\nI\u010c DPH: SK2120121476<\/p>\t\t\t\t<\/div>\n\t\t\t\t<\/div>\n\t\t\t\t<\/div>\n\t\t\t\t<\/div>\n\t\t\t\t<\/div>\n\t\t\t\t\t<\/div>\n\t\t\t\t<\/div>\n\t\t<div class=\"elementor-element elementor-element-3f57ed0 e-flex e-con-boxed e-con e-parent\" data-id=\"3f57ed0\" data-element_type=\"container\" data-settings=\"{&quot;background_background&quot;:&quot;classic&quot;}\">\n\t\t\t\t\t<div class=\"e-con-inner\">\n\t\t\t\t<div class=\"elementor-element elementor-element-7e71fe5 elementor-widget elementor-widget-heading\" data-id=\"7e71fe5\" data-element_type=\"widget\" data-widget_type=\"heading.default\">\n\t\t\t\t<div class=\"elementor-widget-container\">\n\t\t\t\t\t<h4 class=\"elementor-heading-title elementor-size-default\">Kontakn\u00fd formul\u00e1r<\/h4>\t\t\t\t<\/div>\n\t\t\t\t<\/div>\n\t\t\t\t<div class=\"elementor-element elementor-element-76059bb elementor-button-align-stretch elementor-widget elementor-widget-form\" data-id=\"76059bb\" data-element_type=\"widget\" data-settings=\"{&quot;step_next_label&quot;:&quot;\\u010eal\\u0161ie&quot;,&quot;step_previous_label&quot;:&quot;Predo\\u0161l\\u00e9&quot;,&quot;button_width&quot;:&quot;100&quot;,&quot;step_type&quot;:&quot;number_text&quot;,&quot;step_icon_shape&quot;:&quot;circle&quot;}\" data-widget_type=\"form.default\">\n\t\t\t\t<div class=\"elementor-widget-container\">\n\t\t\t\t\t\t\t<form class=\"elementor-form\" method=\"post\" name=\"Kontakn\u00fd formul\u00e1r\u200b\" aria-label=\"Kontakn\u00fd formul\u00e1r\u200b\">\n\t\t\t<input type=\"hidden\" name=\"post_id\" value=\"1585\"\/>\n\t\t\t<input type=\"hidden\" name=\"form_id\" value=\"76059bb\"\/>\n\t\t\t<input type=\"hidden\" name=\"referer_title\" value=\"Kontakt - Svet pun\u010dov\" \/>\n\n\t\t\t\t\t\t\t<input type=\"hidden\" name=\"queried_id\" value=\"1585\"\/>\n\t\t\t\n\t\t\t<div class=\"elementor-form-fields-wrapper elementor-labels-above\">\n\t\t\t\t\t\t\t\t<div class=\"elementor-field-type-text elementor-field-group elementor-column elementor-field-group-name elementor-col-50\">\n\t\t\t\t\t\t\t\t\t\t\t\t<label for=\"form-field-name\" class=\"elementor-field-label\">\n\t\t\t\t\t\t\t\tMeno\t\t\t\t\t\t\t<\/label>\n\t\t\t\t\t\t\t\t\t\t\t\t\t\t<input size=\"1\" type=\"text\" name=\"form_fields[name]\" id=\"form-field-name\" class=\"elementor-field elementor-size-md  elementor-field-textual\" placeholder=\"Va\u0161e meno\">\n\t\t\t\t\t\t\t\t\t\t\t<\/div>\n\t\t\t\t\t\t\t\t<div class=\"elementor-field-type-text elementor-field-group elementor-column elementor-field-group-field_88110e9 elementor-col-50\">\n\t\t\t\t\t\t\t\t\t\t\t\t<label for=\"form-field-field_88110e9\" class=\"elementor-field-label\">\n\t\t\t\t\t\t\t\tPriezvisko\t\t\t\t\t\t\t<\/label>\n\t\t\t\t\t\t\t\t\t\t\t\t\t\t<input size=\"1\" type=\"text\" name=\"form_fields[field_88110e9]\" id=\"form-field-field_88110e9\" class=\"elementor-field elementor-size-md  elementor-field-textual\" placeholder=\"Va\u0161e priezvisko\">\n\t\t\t\t\t\t\t\t\t\t\t<\/div>\n\t\t\t\t\t\t\t\t<div class=\"elementor-field-type-email elementor-field-group elementor-column elementor-field-group-email elementor-col-100 elementor-field-required\">\n\t\t\t\t\t\t\t\t\t\t\t\t<label for=\"form-field-email\" class=\"elementor-field-label\">\n\t\t\t\t\t\t\t\tE-mail\t\t\t\t\t\t\t<\/label>\n\t\t\t\t\t\t\t\t\t\t\t\t\t\t<input size=\"1\" type=\"email\" name=\"form_fields[email]\" id=\"form-field-email\" class=\"elementor-field elementor-size-md  elementor-field-textual\" placeholder=\"@\" required=\"required\">\n\t\t\t\t\t\t\t\t\t\t\t<\/div>\n\t\t\t\t\t\t\t\t<div class=\"elementor-field-type-textarea elementor-field-group elementor-column elementor-field-group-message elementor-col-100\">\n\t\t\t\t\t\t\t\t\t\t\t\t<label for=\"form-field-message\" class=\"elementor-field-label\">\n\t\t\t\t\t\t\t\tSpr\u00e1va\t\t\t\t\t\t\t<\/label>\n\t\t\t\t\t\t<textarea class=\"elementor-field-textual elementor-field  elementor-size-md\" name=\"form_fields[message]\" id=\"form-field-message\" rows=\"7\" placeholder=\"Va\u0161a spr\u00e1va\"><\/textarea>\t\t\t\t<\/div>\n\t\t\t\t\t\t\t\t<div class=\"elementor-field-type-acceptance elementor-field-group elementor-column elementor-field-group-field_e08c9c8 elementor-col-100 elementor-field-required\">\n\t\t\t\t\t\t\t<div class=\"elementor-field-subgroup\">\n\t\t\t<span class=\"elementor-field-option\">\n\t\t\t\t<input type=\"checkbox\" name=\"form_fields[field_e08c9c8]\" id=\"form-field-field_e08c9c8\" class=\"elementor-field elementor-size-md  elementor-acceptance-field\" required=\"required\">\n\t\t\t\t<label for=\"form-field-field_e08c9c8\">S\u00fahlas\u00edm so <a href=\"https:\/\/svetpuncov.sk\/ochrana-osobnych-udajov\/\" target=\"_blank\" style=\"text-decoration:underline\">spracovan\u00edm osobn\u00fdch \u00fadajov<\/a><\/label>\t\t\t<\/span>\n\t\t<\/div>\n\t\t\t\t\t\t<\/div>\n\t\t\t\t\t\t\t\t<div class=\"elementor-field-type-recaptcha_v3 elementor-field-group elementor-column elementor-field-group-field_76313dc elementor-col-100 recaptcha_v3-bottomright\">\n\t\t\t\t\t<div class=\"elementor-field\" id=\"form-field-field_76313dc\"><div class=\"elementor-g-recaptcha\" data-sitekey=\"6LftGWUqAAAAAACnuC4lCU-Tmv-pa2Txkr_pdLEF\" data-type=\"v3\" data-action=\"Form\" data-badge=\"bottomright\" data-size=\"invisible\"><\/div><\/div>\t\t\t\t<\/div>\n\t\t\t\t\t\t\t\t<div class=\"elementor-field-group elementor-column elementor-field-type-submit elementor-col-100 e-form__buttons\">\n\t\t\t\t\t<button class=\"elementor-button elementor-size-sm\" type=\"submit\">\n\t\t\t\t\t\t<span class=\"elementor-button-content-wrapper\">\n\t\t\t\t\t\t\t\t\t\t\t\t\t\t\t<span class=\"elementor-button-icon\">\n\t\t\t\t\t\t\t\t\t<svg aria-hidden=\"true\" class=\"e-font-icon-svg e-far-arrow-alt-circle-right\" viewBox=\"0 0 512 512\" xmlns=\"http:\/\/www.w3.org\/2000\/svg\"><path d=\"M504 256C504 119 393 8 256 8S8 119 8 256s111 248 248 248 248-111 248-248zm-448 0c0-110.5 89.5-200 200-200s200 89.5 200 200-89.5 200-200 200S56 366.5 56 256zm72 20v-40c0-6.6 5.4-12 12-12h116v-67c0-10.7 12.9-16 20.5-8.5l99 99c4.7 4.7 4.7 12.3 0 17l-99 99c-7.6 7.6-20.5 2.2-20.5-8.5v-67H140c-6.6 0-12-5.4-12-12z\"><\/path><\/svg>\t\t\t\t\t\t\t\t\t\t\t\t\t\t\t\t\t<\/span>\n\t\t\t\t\t\t\t\t\t\t\t\t\t\t\t\t\t\t\t\t\t\t<span class=\"elementor-button-text\">Odosla\u0165<\/span>\n\t\t\t\t\t\t\t\t\t\t\t\t\t<\/span>\n\t\t\t\t\t<\/button>\n\t\t\t\t<\/div>\n\t\t\t<\/div>\n\t\t<\/form>\n\t\t\t\t\t\t<\/div>\n\t\t\t\t<\/div>\n\t\t\t\t\t<\/div>\n\t\t\t\t<\/div>\n\t\t\t\t<\/div>\n\t\t","protected":false},"excerpt":{"rendered":"<p>Kontakt e-mail info@svetpuncov.sk Telef\u00f3n +421 908 935 495 Social Instagram Facebook Adresa ADRESA VYZDVIHNUTIA Svet pun\u010dov Cukrov\u00e1 14 917 01 Trnava FAKTURA\u010cN\u00c1 ADRESA HOSPITALITY group s.r.o. Na hlin\u00e1ch 6925\/16 Trnava 917 01 I\u010cO: 48289302 DI\u010c: 2120121476 I\u010c DPH: SK2120121476 Kontakn\u00fd formul\u00e1r<\/p>\n","protected":false},"author":4,"featured_media":0,"parent":0,"menu_order":0,"comment_status":"closed","ping_status":"closed","template":"","meta":{"_acf_changed":false,"footnotes":""},"class_list":["post-1585","page","type-page","status-publish","hentry"],"acf":[],"jetpack_sharing_enabled":true,"_links":{"self":[{"href":"https:\/\/svetpuncov.sk\/cs\/wp-json\/wp\/v2\/pages\/1585","targetHints":{"allow":["GET"]}}],"collection":[{"href":"https:\/\/svetpuncov.sk\/cs\/wp-json\/wp\/v2\/pages"}],"about":[{"href":"https:\/\/svetpuncov.sk\/cs\/wp-json\/wp\/v2\/types\/page"}],"author":[{"embeddable":true,"href":"https:\/\/svetpuncov.sk\/cs\/wp-json\/wp\/v2\/users\/4"}],"replies":[{"embeddable":true,"href":"https:\/\/svetpuncov.sk\/cs\/wp-json\/wp\/v2\/comments?post=1585"}],"version-history":[{"count":3,"href":"https:\/\/svetpuncov.sk\/cs\/wp-json\/wp\/v2\/pages\/1585\/revisions"}],"predecessor-version":[{"id":1885,"href":"https:\/\/svetpuncov.sk\/cs\/wp-json\/wp\/v2\/pages\/1585\/revisions\/1885"}],"wp:attachment":[{"href":"https:\/\/svetpuncov.sk\/cs\/wp-json\/wp\/v2\/media?parent=1585"}],"curies":[{"name":"wp","href":"https:\/\/api.w.org\/{rel}","templated":true}]}}